
{"id":587,"date":"2019-03-24T18:30:01","date_gmt":"2019-03-24T18:30:01","guid":{"rendered":"https:\/\/somafel.com\/contact\/"},"modified":"2019-05-23T19:59:26","modified_gmt":"2019-05-23T19:59:26","slug":"contact","status":"publish","type":"page","link":"https:\/\/somafel.com\/en\/contact\/","title":{"rendered":"Contact"},"content":{"rendered":"\n<div class=\"wpcf7 no-js\" id=\"wpcf7-f630-o1\" lang=\"en-US\" dir=\"ltr\" data-wpcf7-id=\"630\">\n<div class=\"screen-reader-response\"><p role=\"status\" aria-live=\"polite\" aria-atomic=\"true\"><\/p> <ul><\/ul><\/div>\n<form action=\"\/en\/wp-json\/wp\/v2\/pages\/587#wpcf7-f630-o1\" method=\"post\" class=\"wpcf7-form init\" aria-label=\"Contact form\" novalidate=\"novalidate\" data-status=\"init\">\n<fieldset class=\"hidden-fields-container\"><input type=\"hidden\" name=\"_wpcf7\" value=\"630\" \/><input type=\"hidden\" name=\"_wpcf7_version\" value=\"6.1.4\" \/><input type=\"hidden\" name=\"_wpcf7_locale\" value=\"en_US\" \/><input type=\"hidden\" name=\"_wpcf7_unit_tag\" value=\"wpcf7-f630-o1\" \/><input type=\"hidden\" name=\"_wpcf7_container_post\" value=\"0\" \/><input type=\"hidden\" name=\"_wpcf7_posted_data_hash\" value=\"\" \/><input type=\"hidden\" name=\"_wpcf7_recaptcha_response\" value=\"\" \/>\n<\/fieldset>\n<div class=\"form-group c3\">\n\t<p><label for=\"your-name\">Name:<\/label><br \/>\n<span class=\"wpcf7-form-control-wrap\" data-name=\"your-name\"><input size=\"40\" maxlength=\"400\" class=\"wpcf7-form-control wpcf7-text wpcf7-validates-as-required form-control\" id=\"your-name\" aria-required=\"true\" aria-invalid=\"false\" value=\"\" type=\"text\" name=\"your-name\" \/><\/span>\n\t<\/p>\n<\/div>\n<div class=\"form-group c3\">\n\t<p><label for=\"your-email\">E-mail:<\/label><br \/>\n<span class=\"wpcf7-form-control-wrap\" data-name=\"your-email\"><input size=\"40\" maxlength=\"400\" class=\"wpcf7-form-control wpcf7-email wpcf7-validates-as-required wpcf7-text wpcf7-validates-as-email form-control\" id=\"your-email\" aria-required=\"true\" aria-invalid=\"false\" value=\"\" type=\"email\" name=\"your-email\" \/><\/span>\n\t<\/p>\n<\/div>\n<div class=\"form-group c3\">\n\t<p><label for=\"your-phone\">Phone Number:<\/label><br \/>\n<span class=\"wpcf7-form-control-wrap\" data-name=\"your-phone\"><input size=\"40\" maxlength=\"400\" class=\"wpcf7-form-control wpcf7-tel wpcf7-text wpcf7-validates-as-tel form-control\" id=\"your-phone\" aria-invalid=\"false\" value=\"\" type=\"tel\" name=\"your-phone\" \/><\/span>\n\t<\/p>\n<\/div>\n<div class=\"form-group\">\n\t<p><label for=\"your-message\">Message:<\/label><br \/>\n<span class=\"wpcf7-form-control-wrap\" data-name=\"your-message\"><textarea cols=\"40\" rows=\"10\" maxlength=\"2000\" class=\"wpcf7-form-control wpcf7-textarea wpcf7-validates-as-required form-control\" id=\"your-message\" aria-required=\"true\" aria-invalid=\"false\" name=\"your-message\"><\/textarea><\/span>\n\t<\/p>\n<\/div>\n<hr \/>\n<h3>Terms of Consent\n<\/h3>\n<p>These terms of consent regulate the collection of personal data and their subsequent processing, as well as the exercising of rights by their subject under the terms of the General Data Protection Regulations (GDPR).\n<\/p>\n<p>Any collected data will be processed and stored digitally by the entity responsible for processing, Teixeira Duarte, S.A..<br \/>\nEThese data will be treated confidentially and will be used to respond to your request made through the form in the contacts area and held in the computer system of the processing manager for the period and purposes stated in the terms of consent.\n<\/p>\n<p>Under the terms of applicable legislation, the personal data subject may request access to, or updating, correction, suspension and deletion of any data referring to the subject, or oppose their processing, and may also exercise their right of portability, in person or by letter or email addressed to:\n<\/p>\n<p>SOMAFEL - Engenharia e Obras Ferrovi\u00e1rias, S.A.<br \/>\nAddress: Lagoas Park, Edif\u00edcio 2, 2740-265 Porto Salvo, Oeiras, Portugal<br \/>\nEmail: <a href=\"mailto:geral@somafel.pt\">geral@somafel.pt<\/a>\n<\/p>\n<p>If the data subject believes that the processing of the personal data referring to him\/her violates the GDPR, he\/she may file a complaint with the National Control Authority: CNPD - Comiss\u00e3o Nacional de Prote\u00e7\u00e3o de Dados (e-mail: geral@cnpd.pt \/ postal address: Av. D. Carlos I, 134 \u2013 1\u00ba 1200-651 Lisboa).\n<\/p>\n<h4>I declare that I authorize the processing of my personal data under the aforementioned terms and for the effects of the request\/complaint described in the message field, and held in the computer system of the processing manager until the conclusion of the process, plus a one year period.\n<\/h4>\n<p><span style=\"color:Red;\">*<\/span><br \/>\n<span class=\"wpcf7-form-control-wrap\" data-name=\"rgpd-autorizacao-tratamento\"><span class=\"wpcf7-form-control wpcf7-checkbox wpcf7-validates-as-required wpcf7-exclusive-checkbox\"><span class=\"wpcf7-list-item first\"><input type=\"checkbox\" name=\"rgpd-autorizacao-tratamento\" value=\"Yes\" \/><span class=\"wpcf7-list-item-label\">Yes<\/span><\/span><span class=\"wpcf7-list-item last\"><input type=\"checkbox\" name=\"rgpd-autorizacao-tratamento\" value=\"No\" \/><span class=\"wpcf7-list-item-label\">No<\/span><\/span><\/span><\/span>\n<\/p>\n<h4>I declare that I authorize the processing of my personal data under the aforementioned terms, and their transfer to SOMAFEL - Engenharia e Obras Ferrovi\u00e1rias, S.A.'s companies\/subsidiaries\/branches located outside the European Union, if the matter described in the request\/complaints has to be processed at the location where the request\/complaint arose. Personal data will be kept in the processing manager\u2019s computer system until the conclusion of the process, plus a period of one year. I also declare that I have been informed of the conditions of the aforementioned transfer under the terms of line a) of item 1 of article 49 of the GDPR (adequacy decision and appropriate safeguards, articles 45 and 46 of the GDPR).<span style=\"color:Red;\">*<\/span><br \/>\n<span class=\"wpcf7-form-control-wrap\" data-name=\"rgpd-autorizacao-transferencia\"><span class=\"wpcf7-form-control wpcf7-checkbox wpcf7-validates-as-required wpcf7-exclusive-checkbox\"><span class=\"wpcf7-list-item first\"><input type=\"checkbox\" name=\"rgpd-autorizacao-transferencia\" value=\"Yes\" \/><span class=\"wpcf7-list-item-label\">Yes<\/span><\/span><span class=\"wpcf7-list-item last\"><input type=\"checkbox\" name=\"rgpd-autorizacao-transferencia\" value=\"No\" \/><span class=\"wpcf7-list-item-label\">No<\/span><\/span><\/span><\/span><br \/>\n<small>For more information, please visit the <a href=\"http:\/\/bit.ly\/2IJcGX7\" target=\"blank\">General Data Protection Regulation<\/a><\/small>\n<\/h4>\n<p>.\n<\/p>\n<p>Under the terms of the applicable legislation, the personal data subject may request the withdrawal of the consent that is given, by letter or email addressed to the aforementioned processing manager. This revocation has no retroactive effect.\n<\/p>\n<p>Please see our <a href=\"\/en\/privacy-policy\">Privacy Policy<\/a> for further information about the personal data processing terms and rights of their subjects.\n<\/p>\n<hr \/>\n<div class=\"form-group\">\n\t<p><input class=\"wpcf7-form-control wpcf7-submit has-spinner btn-enviar\" type=\"submit\" value=\"Submit\" \/>\n\t<\/p>\n<\/div><div class=\"wpcf7-response-output\" aria-hidden=\"true\"><\/div>\n<\/form>\n<\/div>\n\n","protected":false},"excerpt":{"rendered":"","protected":false},"author":3,"featured_media":0,"parent":0,"menu_order":2,"comment_status":"closed","ping_status":"closed","template":"page-contato.php","meta":{"_acf_changed":false,"_uag_custom_page_level_css":"","footnotes":""},"class_list":["post-587","page","type-page","status-publish","hentry"],"acf":[],"yoast_head":"<!-- This site is optimized with the Yoast SEO plugin v26.8 - https:\/\/yoast.com\/product\/yoast-seo-wordpress\/ -->\n<title>SOMAFEL - Contact<\/title>\n<meta name=\"robots\" content=\"index, follow, max-snippet:-1, max-image-preview:large, max-video-preview:-1\" \/>\n<link rel=\"canonical\" href=\"https:\/\/somafel.com\/en\/contact\/\" \/>\n<meta property=\"og:locale\" content=\"en_US\" \/>\n<meta property=\"og:type\" content=\"article\" \/>\n<meta property=\"og:title\" content=\"SOMAFEL - Contact\" \/>\n<meta property=\"og:url\" content=\"https:\/\/somafel.com\/en\/contact\/\" \/>\n<meta property=\"og:site_name\" content=\"SOMAFEL\" \/>\n<meta property=\"article:modified_time\" content=\"2019-05-23T19:59:26+00:00\" \/>\n<meta name=\"twitter:card\" content=\"summary_large_image\" \/>\n<script type=\"application\/ld+json\" class=\"yoast-schema-graph\">{\"@context\":\"https:\/\/schema.org\",\"@graph\":[{\"@type\":\"WebPage\",\"@id\":\"https:\/\/somafel.com\/en\/contact\/\",\"url\":\"https:\/\/somafel.com\/en\/contact\/\",\"name\":\"SOMAFEL - Contact\",\"isPartOf\":{\"@id\":\"https:\/\/somafel.com\/en\/#website\"},\"datePublished\":\"2019-03-24T18:30:01+00:00\",\"dateModified\":\"2019-05-23T19:59:26+00:00\",\"breadcrumb\":{\"@id\":\"https:\/\/somafel.com\/en\/contact\/#breadcrumb\"},\"inLanguage\":\"en-US\",\"potentialAction\":[{\"@type\":\"ReadAction\",\"target\":[\"https:\/\/somafel.com\/en\/contact\/\"]}]},{\"@type\":\"BreadcrumbList\",\"@id\":\"https:\/\/somafel.com\/en\/contact\/#breadcrumb\",\"itemListElement\":[{\"@type\":\"ListItem\",\"position\":1,\"name\":\"Start\",\"item\":\"https:\/\/somafel.com\/en\/\"},{\"@type\":\"ListItem\",\"position\":2,\"name\":\"Contact\"}]},{\"@type\":\"WebSite\",\"@id\":\"https:\/\/somafel.com\/en\/#website\",\"url\":\"https:\/\/somafel.com\/en\/\",\"name\":\"SOMAFEL\",\"description\":\"Railway Works Experts\",\"potentialAction\":[{\"@type\":\"SearchAction\",\"target\":{\"@type\":\"EntryPoint\",\"urlTemplate\":\"https:\/\/somafel.com\/en\/?s={search_term_string}\"},\"query-input\":{\"@type\":\"PropertyValueSpecification\",\"valueRequired\":true,\"valueName\":\"search_term_string\"}}],\"inLanguage\":\"en-US\"}]}<\/script>\n<!-- \/ Yoast SEO plugin. -->","yoast_head_json":{"title":"SOMAFEL - Contact","robots":{"index":"index","follow":"follow","max-snippet":"max-snippet:-1","max-image-preview":"max-image-preview:large","max-video-preview":"max-video-preview:-1"},"canonical":"https:\/\/somafel.com\/en\/contact\/","og_locale":"en_US","og_type":"article","og_title":"SOMAFEL - Contact","og_url":"https:\/\/somafel.com\/en\/contact\/","og_site_name":"SOMAFEL","article_modified_time":"2019-05-23T19:59:26+00:00","twitter_card":"summary_large_image","schema":{"@context":"https:\/\/schema.org","@graph":[{"@type":"WebPage","@id":"https:\/\/somafel.com\/en\/contact\/","url":"https:\/\/somafel.com\/en\/contact\/","name":"SOMAFEL - Contact","isPartOf":{"@id":"https:\/\/somafel.com\/en\/#website"},"datePublished":"2019-03-24T18:30:01+00:00","dateModified":"2019-05-23T19:59:26+00:00","breadcrumb":{"@id":"https:\/\/somafel.com\/en\/contact\/#breadcrumb"},"inLanguage":"en-US","potentialAction":[{"@type":"ReadAction","target":["https:\/\/somafel.com\/en\/contact\/"]}]},{"@type":"BreadcrumbList","@id":"https:\/\/somafel.com\/en\/contact\/#breadcrumb","itemListElement":[{"@type":"ListItem","position":1,"name":"Start","item":"https:\/\/somafel.com\/en\/"},{"@type":"ListItem","position":2,"name":"Contact"}]},{"@type":"WebSite","@id":"https:\/\/somafel.com\/en\/#website","url":"https:\/\/somafel.com\/en\/","name":"SOMAFEL","description":"Railway Works Experts","potentialAction":[{"@type":"SearchAction","target":{"@type":"EntryPoint","urlTemplate":"https:\/\/somafel.com\/en\/?s={search_term_string}"},"query-input":{"@type":"PropertyValueSpecification","valueRequired":true,"valueName":"search_term_string"}}],"inLanguage":"en-US"}]}},"uagb_featured_image_src":{"full":false,"thumbnail":false,"medium":false,"medium_large":false,"large":false,"1536x1536":false,"2048x2048":false,"custom-size":false},"uagb_author_info":{"display_name":"Marketing Teixeira Duarte","author_link":"https:\/\/somafel.com\/en\/author\/marketingtd\/"},"uagb_comment_info":0,"uagb_excerpt":null,"_links":{"self":[{"href":"https:\/\/somafel.com\/en\/wp-json\/wp\/v2\/pages\/587","targetHints":{"allow":["GET"]}}],"collection":[{"href":"https:\/\/somafel.com\/en\/wp-json\/wp\/v2\/pages"}],"about":[{"href":"https:\/\/somafel.com\/en\/wp-json\/wp\/v2\/types\/page"}],"author":[{"embeddable":true,"href":"https:\/\/somafel.com\/en\/wp-json\/wp\/v2\/users\/3"}],"replies":[{"embeddable":true,"href":"https:\/\/somafel.com\/en\/wp-json\/wp\/v2\/comments?post=587"}],"version-history":[{"count":1,"href":"https:\/\/somafel.com\/en\/wp-json\/wp\/v2\/pages\/587\/revisions"}],"predecessor-version":[{"id":588,"href":"https:\/\/somafel.com\/en\/wp-json\/wp\/v2\/pages\/587\/revisions\/588"}],"wp:attachment":[{"href":"https:\/\/somafel.com\/en\/wp-json\/wp\/v2\/media?parent=587"}],"curies":[{"name":"wp","href":"https:\/\/api.w.org\/{rel}","templated":true}]}}