
{"id":2550,"date":"2019-05-24T20:43:09","date_gmt":"2019-05-24T20:43:09","guid":{"rendered":"https:\/\/somafel.com\/recrutement\/"},"modified":"2023-07-28T11:18:05","modified_gmt":"2023-07-28T11:18:05","slug":"recrutement","status":"publish","type":"page","link":"https:\/\/somafel.com\/fr\/recrutement\/","title":{"rendered":"Recrutement"},"content":{"rendered":"\n<p>Retrouvez ici les opportunit\u00e9s d&#8217;emploi.<\/p>\n\n<iframe loading=\"lazy\" data-src=\"https:\/\/iframe.cvwarehouse.com\/?companyGuid=216ca378-f3f3-45d4-952b-cdc3addde17a&#038;brand=somafel\" src=\"https:\/\/iframe.cvwarehouse.com\/?companyGuid=216ca378-f3f3-45d4-952b-cdc3addde17a&#038;brand=somafel\" id=\"cvwarehouseIFrame\" scrolling=\"yes\" width=\"100%\" height=\"300px\" frameborder=\"0\" allowtransparency=\"true\" style=\"background-color: #ffffff\">    \r\n<p>Your browser does not support iframes.<\/p>    \r\nPlease go here for a list of our jobs: <a id=\"cvwarehouse-portal\" target=\"_blank\" href=\"https:\/\/iframe.cvwarehouse.com\/?companyGuid=216ca378-f3f3-45d4-952b-cdc3addde17a&#038;brand=somafel&#038;lang=fr-FR\" rel=\"noopener noreferrer\">Our vacancies<\/a>    \r\n<\/iframe>   \r\n\r\n\n<p style=\"background-color: #f8d015;width: 130px;text-align: center;padding: 10px;font-weight: 600;color: #2b3039;\">AVERTISSEMENT<\/p>\r\n<p style=\"margin:10px 0 20px 0;\">SOMAFEL pr\u00e9cise qu&rsquo;\u00e0 tout moment dans les processus d&#8217;embauche de travailleurs qu&rsquo;elle peut avoir en cours, les candidats sont tenus de fournir des informations sur les cartes de cr\u00e9dit ou autres moyens de paiement et &#8211; surtout &#8211; il ne demande l&rsquo;avance d&rsquo;aucun montant , quel que soit le titre, \u00e0 cette fin. De plus, l&#8217;embauche de travailleurs se conclut toujours par un processus en personne. Ne r\u00e9pondez pas, n&rsquo;envoyez pas d&rsquo;\u00e9l\u00e9ments ou ne payez aucun montant si cela vous est demand\u00e9, car SOMAFEL le fait, car cette pratique n&rsquo;est pas suivie.<\/p>\r\n","protected":false},"excerpt":{"rendered":"<p>Retrouvez ici les opportunit\u00e9s d&#8217;emploi. Your browser does not support iframes. Please go here for a list of our jobs: Our vacancies AVERTISSEMENT SOMAFEL pr\u00e9cise qu&rsquo;\u00e0 tout moment dans les processus d&#8217;embauche de travailleurs qu&rsquo;elle peut avoir en cours, les candidats sont tenus de fournir des informations sur les cartes de cr\u00e9dit ou autres moyens [&hellip;]<\/p>\n","protected":false},"author":3,"featured_media":1959,"parent":0,"menu_order":0,"comment_status":"closed","ping_status":"closed","template":"","meta":{"_acf_changed":false,"_uag_custom_page_level_css":"","footnotes":""},"class_list":["post-2550","page","type-page","status-publish","has-post-thumbnail","hentry"],"acf":[],"yoast_head":"<!-- This site is optimized with the Yoast SEO plugin v26.8 - https:\/\/yoast.com\/product\/yoast-seo-wordpress\/ -->\n<title>Recrutement - SOMAFEL<\/title>\n<meta name=\"description\" content=\"Retrouvez ici les opportunit\u00e9s d&#039;emploi ou soumettez votre candidature spontan\u00e9e.\" \/>\n<meta name=\"robots\" content=\"index, follow, max-snippet:-1, max-image-preview:large, max-video-preview:-1\" \/>\n<link rel=\"canonical\" href=\"https:\/\/somafel.com\/fr\/recrutement\/\" \/>\n<meta property=\"og:locale\" content=\"fr_FR\" \/>\n<meta property=\"og:type\" content=\"article\" \/>\n<meta property=\"og:title\" content=\"Recrutement - SOMAFEL\" \/>\n<meta property=\"og:description\" content=\"Retrouvez ici les opportunit\u00e9s d&#039;emploi ou soumettez votre candidature spontan\u00e9e.\" \/>\n<meta property=\"og:url\" content=\"https:\/\/somafel.com\/fr\/recrutement\/\" \/>\n<meta property=\"og:site_name\" content=\"SOMAFEL\" \/>\n<meta property=\"article:modified_time\" content=\"2023-07-28T11:18:05+00:00\" \/>\n<meta property=\"og:image\" content=\"https:\/\/somafel.com\/wp-content\/uploads\/2019\/05\/Cabe\u00e7alho-Link-Carreiras.jpg\" \/>\n\t<meta property=\"og:image:width\" content=\"1920\" \/>\n\t<meta property=\"og:image:height\" content=\"500\" \/>\n\t<meta property=\"og:image:type\" content=\"image\/jpeg\" \/>\n<meta name=\"twitter:card\" content=\"summary_large_image\" \/>\n<meta name=\"twitter:label1\" content=\"Dur\u00e9e de lecture estim\u00e9e\" \/>\n\t<meta name=\"twitter:data1\" content=\"1 minute\" \/>\n<script type=\"application\/ld+json\" class=\"yoast-schema-graph\">{\"@context\":\"https:\/\/schema.org\",\"@graph\":[{\"@type\":\"WebPage\",\"@id\":\"https:\/\/somafel.com\/fr\/recrutement\/\",\"url\":\"https:\/\/somafel.com\/fr\/recrutement\/\",\"name\":\"Recrutement - SOMAFEL\",\"isPartOf\":{\"@id\":\"https:\/\/somafel.com\/fr\/#website\"},\"primaryImageOfPage\":{\"@id\":\"https:\/\/somafel.com\/fr\/recrutement\/#primaryimage\"},\"image\":{\"@id\":\"https:\/\/somafel.com\/fr\/recrutement\/#primaryimage\"},\"thumbnailUrl\":\"https:\/\/somafel.com\/wp-content\/uploads\/2019\/05\/Cabe\u00e7alho-Link-Carreiras.jpg\",\"datePublished\":\"2019-05-24T20:43:09+00:00\",\"dateModified\":\"2023-07-28T11:18:05+00:00\",\"description\":\"Retrouvez ici les opportunit\u00e9s d'emploi ou soumettez votre candidature spontan\u00e9e.\",\"breadcrumb\":{\"@id\":\"https:\/\/somafel.com\/fr\/recrutement\/#breadcrumb\"},\"inLanguage\":\"fr-FR\",\"potentialAction\":[{\"@type\":\"ReadAction\",\"target\":[\"https:\/\/somafel.com\/fr\/recrutement\/\"]}]},{\"@type\":\"ImageObject\",\"inLanguage\":\"fr-FR\",\"@id\":\"https:\/\/somafel.com\/fr\/recrutement\/#primaryimage\",\"url\":\"https:\/\/somafel.com\/wp-content\/uploads\/2019\/05\/Cabe\u00e7alho-Link-Carreiras.jpg\",\"contentUrl\":\"https:\/\/somafel.com\/wp-content\/uploads\/2019\/05\/Cabe\u00e7alho-Link-Carreiras.jpg\",\"width\":1920,\"height\":500},{\"@type\":\"BreadcrumbList\",\"@id\":\"https:\/\/somafel.com\/fr\/recrutement\/#breadcrumb\",\"itemListElement\":[{\"@type\":\"ListItem\",\"position\":1,\"name\":\"In\u00edcio\",\"item\":\"https:\/\/somafel.com\/fr\/\"},{\"@type\":\"ListItem\",\"position\":2,\"name\":\"Recrutement\"}]},{\"@type\":\"WebSite\",\"@id\":\"https:\/\/somafel.com\/fr\/#website\",\"url\":\"https:\/\/somafel.com\/fr\/\",\"name\":\"SOMAFEL\",\"description\":\"Railway Works Experts\",\"potentialAction\":[{\"@type\":\"SearchAction\",\"target\":{\"@type\":\"EntryPoint\",\"urlTemplate\":\"https:\/\/somafel.com\/fr\/?s={search_term_string}\"},\"query-input\":{\"@type\":\"PropertyValueSpecification\",\"valueRequired\":true,\"valueName\":\"search_term_string\"}}],\"inLanguage\":\"fr-FR\"}]}<\/script>\n<!-- \/ Yoast SEO plugin. -->","yoast_head_json":{"title":"Recrutement - SOMAFEL","description":"Retrouvez ici les opportunit\u00e9s d'emploi ou soumettez votre candidature spontan\u00e9e.","robots":{"index":"index","follow":"follow","max-snippet":"max-snippet:-1","max-image-preview":"max-image-preview:large","max-video-preview":"max-video-preview:-1"},"canonical":"https:\/\/somafel.com\/fr\/recrutement\/","og_locale":"fr_FR","og_type":"article","og_title":"Recrutement - SOMAFEL","og_description":"Retrouvez ici les opportunit\u00e9s d'emploi ou soumettez votre candidature spontan\u00e9e.","og_url":"https:\/\/somafel.com\/fr\/recrutement\/","og_site_name":"SOMAFEL","article_modified_time":"2023-07-28T11:18:05+00:00","og_image":[{"width":1920,"height":500,"url":"https:\/\/somafel.com\/wp-content\/uploads\/2019\/05\/Cabe\u00e7alho-Link-Carreiras.jpg","type":"image\/jpeg"}],"twitter_card":"summary_large_image","twitter_misc":{"Dur\u00e9e de lecture estim\u00e9e":"1 minute"},"schema":{"@context":"https:\/\/schema.org","@graph":[{"@type":"WebPage","@id":"https:\/\/somafel.com\/fr\/recrutement\/","url":"https:\/\/somafel.com\/fr\/recrutement\/","name":"Recrutement - SOMAFEL","isPartOf":{"@id":"https:\/\/somafel.com\/fr\/#website"},"primaryImageOfPage":{"@id":"https:\/\/somafel.com\/fr\/recrutement\/#primaryimage"},"image":{"@id":"https:\/\/somafel.com\/fr\/recrutement\/#primaryimage"},"thumbnailUrl":"https:\/\/somafel.com\/wp-content\/uploads\/2019\/05\/Cabe\u00e7alho-Link-Carreiras.jpg","datePublished":"2019-05-24T20:43:09+00:00","dateModified":"2023-07-28T11:18:05+00:00","description":"Retrouvez ici les opportunit\u00e9s d'emploi ou soumettez votre candidature spontan\u00e9e.","breadcrumb":{"@id":"https:\/\/somafel.com\/fr\/recrutement\/#breadcrumb"},"inLanguage":"fr-FR","potentialAction":[{"@type":"ReadAction","target":["https:\/\/somafel.com\/fr\/recrutement\/"]}]},{"@type":"ImageObject","inLanguage":"fr-FR","@id":"https:\/\/somafel.com\/fr\/recrutement\/#primaryimage","url":"https:\/\/somafel.com\/wp-content\/uploads\/2019\/05\/Cabe\u00e7alho-Link-Carreiras.jpg","contentUrl":"https:\/\/somafel.com\/wp-content\/uploads\/2019\/05\/Cabe\u00e7alho-Link-Carreiras.jpg","width":1920,"height":500},{"@type":"BreadcrumbList","@id":"https:\/\/somafel.com\/fr\/recrutement\/#breadcrumb","itemListElement":[{"@type":"ListItem","position":1,"name":"In\u00edcio","item":"https:\/\/somafel.com\/fr\/"},{"@type":"ListItem","position":2,"name":"Recrutement"}]},{"@type":"WebSite","@id":"https:\/\/somafel.com\/fr\/#website","url":"https:\/\/somafel.com\/fr\/","name":"SOMAFEL","description":"Railway Works Experts","potentialAction":[{"@type":"SearchAction","target":{"@type":"EntryPoint","urlTemplate":"https:\/\/somafel.com\/fr\/?s={search_term_string}"},"query-input":{"@type":"PropertyValueSpecification","valueRequired":true,"valueName":"search_term_string"}}],"inLanguage":"fr-FR"}]}},"uagb_featured_image_src":{"full":["https:\/\/somafel.com\/wp-content\/uploads\/2019\/05\/Cabe\u00e7alho-Link-Carreiras.jpg",1920,500,false],"thumbnail":["https:\/\/somafel.com\/wp-content\/uploads\/2019\/05\/Cabe\u00e7alho-Link-Carreiras-150x150.jpg",150,150,true],"medium":["https:\/\/somafel.com\/wp-content\/uploads\/2019\/05\/Cabe\u00e7alho-Link-Carreiras-300x78.jpg",300,78,true],"medium_large":["https:\/\/somafel.com\/wp-content\/uploads\/2019\/05\/Cabe\u00e7alho-Link-Carreiras-768x200.jpg",768,200,true],"large":["https:\/\/somafel.com\/wp-content\/uploads\/2019\/05\/Cabe\u00e7alho-Link-Carreiras-1024x267.jpg",1024,267,true],"1536x1536":["https:\/\/somafel.com\/wp-content\/uploads\/2019\/05\/Cabe\u00e7alho-Link-Carreiras.jpg",1536,400,false],"2048x2048":["https:\/\/somafel.com\/wp-content\/uploads\/2019\/05\/Cabe\u00e7alho-Link-Carreiras.jpg",1920,500,false],"custom-size":["https:\/\/somafel.com\/wp-content\/uploads\/2019\/05\/Cabe\u00e7alho-Link-Carreiras-390x260.jpg",390,260,true]},"uagb_author_info":{"display_name":"Marketing Teixeira Duarte","author_link":"https:\/\/somafel.com\/fr\/author\/marketingtd\/"},"uagb_comment_info":0,"uagb_excerpt":"Retrouvez ici les opportunit\u00e9s d&#8217;emploi. Your browser does not support iframes. Please go here for a list of our jobs: Our vacancies AVERTISSEMENT SOMAFEL pr\u00e9cise qu&rsquo;\u00e0 tout moment dans les processus d&#8217;embauche de travailleurs qu&rsquo;elle peut avoir en cours, les candidats sont tenus de fournir des informations sur les cartes de cr\u00e9dit ou autres moyens\u2026","_links":{"self":[{"href":"https:\/\/somafel.com\/fr\/wp-json\/wp\/v2\/pages\/2550","targetHints":{"allow":["GET"]}}],"collection":[{"href":"https:\/\/somafel.com\/fr\/wp-json\/wp\/v2\/pages"}],"about":[{"href":"https:\/\/somafel.com\/fr\/wp-json\/wp\/v2\/types\/page"}],"author":[{"embeddable":true,"href":"https:\/\/somafel.com\/fr\/wp-json\/wp\/v2\/users\/3"}],"replies":[{"embeddable":true,"href":"https:\/\/somafel.com\/fr\/wp-json\/wp\/v2\/comments?post=2550"}],"version-history":[{"count":6,"href":"https:\/\/somafel.com\/fr\/wp-json\/wp\/v2\/pages\/2550\/revisions"}],"predecessor-version":[{"id":4588,"href":"https:\/\/somafel.com\/fr\/wp-json\/wp\/v2\/pages\/2550\/revisions\/4588"}],"wp:featuredmedia":[{"embeddable":true,"href":"https:\/\/somafel.com\/fr\/wp-json\/wp\/v2\/media\/1959"}],"wp:attachment":[{"href":"https:\/\/somafel.com\/fr\/wp-json\/wp\/v2\/media?parent=2550"}],"curies":[{"name":"wp","href":"https:\/\/api.w.org\/{rel}","templated":true}]}}