
{"id":3593,"date":"2019-07-10T08:25:01","date_gmt":"2019-07-10T08:25:01","guid":{"rendered":"https:\/\/somafel.com\/conditions-dutilisation\/"},"modified":"2019-07-10T08:50:38","modified_gmt":"2019-07-10T08:50:38","slug":"conditions-dutilisation","status":"publish","type":"page","link":"https:\/\/somafel.com\/fr\/conditions-dutilisation\/","title":{"rendered":"Conditions d\u2019Utilisation"},"content":{"rendered":"\n<p>L\u2019utilisateur du site de SOMAFEL &#8211; Engenharia e Obras Ferrovi\u00e1rias, S.A. s\u2019efforce d\u2019agir de bonne foi et accepte implicitement les conditions g\u00e9n\u00e9rales suivantes:<\/p>\n\n\n\n<h4 class=\"wp-block-heading\"><strong>D\u00e9claration sur la protection des droits d\u2019auteur<\/strong><\/h4>\n\n\n\n<p>Le contenu du site de SOMAFEL, y compris les textes, images ou toute autre information, est la propri\u00e9t\u00e9 de <strong>SOMAFEL<\/strong>, qui en d\u00e9tient les droits d\u2019auteur.<\/p>\n\n\n\n<p>En utilisant le site de SOMAFEL, l\u2019utilisateur accepte de respecter la l\u00e9gislation en vigueur, notamment, le code des droits d\u2019auteur et les droits connexes, le code de la propri\u00e9t\u00e9 industrielle et la loi relative \u00e0 la criminalit\u00e9 informatique.<\/p>\n\n\n\n<p>L\u2019utilisateur ne peut copier, importer ou utiliser le contenu du site de SOMAFEL sans autorisation pr\u00e9alable de <strong>SOMAFEL<\/strong> et sans mentionner le site de SOMAFEL comme source d\u2019information ; en ce qui concerne le contenu provenant de sites li\u00e9s \u00e0 ce site, l\u2019utilisateur devra obtenir l\u2019autorisation des auteurs respectifs et respecter leurs d\u00e9clarations de droits d\u2019auteur.<\/p>\n\n\n\n<p>L\u2019utilisation ou la distribution non autoris\u00e9e de tout mat\u00e9riel provenant de ce site peut faire l\u2019objet de sanctions civiles ou p\u00e9nales en vertu des lois applicables.<\/p>\n\n\n\n<h4 class=\"wp-block-heading\"><strong>Clause de non-responsabilit\u00e9<\/strong><\/h4>\n\n\n\n<p>Le contenu dans ce site est constitu\u00e9 d\u2019informations g\u00e9n\u00e9rales qui ne sont pas n\u00e9cessairement exhaustives, exactes ou \u00e0 jour.<\/p>\n\n\n\n<p><strong>SOMAFEL<\/strong> ne garantit pas que les services fournis par le site de SOMAFEL fonctionnent sans interruption.<\/p>\n\n\n\n<p>SOMAFEL n\u2019est pas tenue de garder le contenu du site <strong>SOMAFEL<\/strong>, y compris les textes, images ou toute autre information, celui-ci pouvant m\u00eame \u00eatre d\u00e9truit \u00e0 tout moment et ce, sans la moindre obligation d\u2019indemniser les utilisateurs ou les tiers.<\/p>\n\n\n\n<p>Il peut exister des liens vers des sites ext\u00e9rieurs au site de SOMAFEL sur lesquels <strong>SOMAFEL<\/strong> n\u2019a aucun contr\u00f4le et pour lesquels elle n\u2019assume aucune responsabilit\u00e9.<\/p>\n\n\n\n<p><strong>SOMAFEL<\/strong> d\u00e9cline toute responsabilit\u00e9 pour d\u2019\u00e9ventuels probl\u00e8mes pouvant r\u00e9sulter d\u2019une utilisation du site de SOMAFEL ou de tout autre site ext\u00e9rieur auquel il renvoie.<\/p>\n\n\n\n<h4 class=\"wp-block-heading\"><strong>D\u00e9claration de confidentialit\u00e9<\/strong><\/h4>\n\n\n\n<p>Conform\u00e9ment \u00e0 l\u2019article 35 de la Constitution de la R\u00e9publique portugaise et \u00e0 la loi no 67\/98 du 26 octobre 1998, les informations recueillies sur les utilisateurs du site SOMAFEL ne les identifie par personnellement, la confidentialit\u00e9 de leur identit\u00e9 est donc garantie.<\/p>\n\n\n\n<p>Cependant, les utilisateurs seront toujours identifi\u00e9s en cas d\u2019infraction, de non-respect des pr\u00e9sentes conditions g\u00e9n\u00e9rales, ou quand cela est demand\u00e9 par d\u00e9cision judiciaire.<\/p>\n","protected":false},"excerpt":{"rendered":"<p>L\u2019utilisateur du site de SOMAFEL &#8211; Engenharia e Obras Ferrovi\u00e1rias, S.A. s\u2019efforce d\u2019agir de bonne foi et accepte implicitement les conditions g\u00e9n\u00e9rales suivantes: D\u00e9claration sur la protection des droits d\u2019auteur Le contenu du site de SOMAFEL, y compris les textes, images ou toute autre information, est la propri\u00e9t\u00e9 de SOMAFEL, qui en d\u00e9tient les droits [&hellip;]<\/p>\n","protected":false},"author":3,"featured_media":0,"parent":0,"menu_order":0,"comment_status":"closed","ping_status":"closed","template":"","meta":{"_acf_changed":false,"_uag_custom_page_level_css":"","footnotes":""},"class_list":["post-3593","page","type-page","status-publish","hentry"],"acf":[],"yoast_head":"<!-- This site is optimized with the Yoast SEO plugin v26.8 - https:\/\/yoast.com\/product\/yoast-seo-wordpress\/ -->\n<title>Conditions d\u2019Utilisation - SOMAFEL<\/title>\n<meta name=\"description\" content=\"L\u2019utilisateur du site de SOMAFEL - Engenharia e Obras Ferrovi\u00e1rias, S.A. s\u2019efforce d\u2019agir de bonne foi et accepte implicitement les conditions g\u00e9n\u00e9rales.\" \/>\n<meta name=\"robots\" content=\"index, follow, max-snippet:-1, max-image-preview:large, max-video-preview:-1\" \/>\n<link rel=\"canonical\" href=\"https:\/\/somafel.com\/fr\/conditions-dutilisation\/\" \/>\n<meta property=\"og:locale\" content=\"fr_FR\" \/>\n<meta property=\"og:type\" content=\"article\" \/>\n<meta property=\"og:title\" content=\"Conditions d\u2019Utilisation - SOMAFEL\" \/>\n<meta property=\"og:description\" content=\"L\u2019utilisateur du site de SOMAFEL - Engenharia e Obras Ferrovi\u00e1rias, S.A. s\u2019efforce d\u2019agir de bonne foi et accepte implicitement les conditions g\u00e9n\u00e9rales.\" \/>\n<meta property=\"og:url\" content=\"https:\/\/somafel.com\/fr\/conditions-dutilisation\/\" \/>\n<meta property=\"og:site_name\" content=\"SOMAFEL\" \/>\n<meta property=\"article:modified_time\" content=\"2019-07-10T08:50:38+00:00\" \/>\n<meta name=\"twitter:card\" content=\"summary_large_image\" \/>\n<meta name=\"twitter:label1\" content=\"Dur\u00e9e de lecture estim\u00e9e\" \/>\n\t<meta name=\"twitter:data1\" content=\"2 minutes\" \/>\n<script type=\"application\/ld+json\" class=\"yoast-schema-graph\">{\"@context\":\"https:\/\/schema.org\",\"@graph\":[{\"@type\":\"WebPage\",\"@id\":\"https:\/\/somafel.com\/fr\/conditions-dutilisation\/\",\"url\":\"https:\/\/somafel.com\/fr\/conditions-dutilisation\/\",\"name\":\"Conditions d\u2019Utilisation - SOMAFEL\",\"isPartOf\":{\"@id\":\"https:\/\/somafel.com\/fr\/#website\"},\"datePublished\":\"2019-07-10T08:25:01+00:00\",\"dateModified\":\"2019-07-10T08:50:38+00:00\",\"description\":\"L\u2019utilisateur du site de SOMAFEL - Engenharia e Obras Ferrovi\u00e1rias, S.A. s\u2019efforce d\u2019agir de bonne foi et accepte implicitement les conditions g\u00e9n\u00e9rales.\",\"breadcrumb\":{\"@id\":\"https:\/\/somafel.com\/fr\/conditions-dutilisation\/#breadcrumb\"},\"inLanguage\":\"fr-FR\",\"potentialAction\":[{\"@type\":\"ReadAction\",\"target\":[\"https:\/\/somafel.com\/fr\/conditions-dutilisation\/\"]}]},{\"@type\":\"BreadcrumbList\",\"@id\":\"https:\/\/somafel.com\/fr\/conditions-dutilisation\/#breadcrumb\",\"itemListElement\":[{\"@type\":\"ListItem\",\"position\":1,\"name\":\"In\u00edcio\",\"item\":\"https:\/\/somafel.com\/fr\/\"},{\"@type\":\"ListItem\",\"position\":2,\"name\":\"Conditions d\u2019Utilisation\"}]},{\"@type\":\"WebSite\",\"@id\":\"https:\/\/somafel.com\/fr\/#website\",\"url\":\"https:\/\/somafel.com\/fr\/\",\"name\":\"SOMAFEL\",\"description\":\"Railway Works Experts\",\"potentialAction\":[{\"@type\":\"SearchAction\",\"target\":{\"@type\":\"EntryPoint\",\"urlTemplate\":\"https:\/\/somafel.com\/fr\/?s={search_term_string}\"},\"query-input\":{\"@type\":\"PropertyValueSpecification\",\"valueRequired\":true,\"valueName\":\"search_term_string\"}}],\"inLanguage\":\"fr-FR\"}]}<\/script>\n<!-- \/ Yoast SEO plugin. -->","yoast_head_json":{"title":"Conditions d\u2019Utilisation - SOMAFEL","description":"L\u2019utilisateur du site de SOMAFEL - Engenharia e Obras Ferrovi\u00e1rias, S.A. s\u2019efforce d\u2019agir de bonne foi et accepte implicitement les conditions g\u00e9n\u00e9rales.","robots":{"index":"index","follow":"follow","max-snippet":"max-snippet:-1","max-image-preview":"max-image-preview:large","max-video-preview":"max-video-preview:-1"},"canonical":"https:\/\/somafel.com\/fr\/conditions-dutilisation\/","og_locale":"fr_FR","og_type":"article","og_title":"Conditions d\u2019Utilisation - SOMAFEL","og_description":"L\u2019utilisateur du site de SOMAFEL - Engenharia e Obras Ferrovi\u00e1rias, S.A. s\u2019efforce d\u2019agir de bonne foi et accepte implicitement les conditions g\u00e9n\u00e9rales.","og_url":"https:\/\/somafel.com\/fr\/conditions-dutilisation\/","og_site_name":"SOMAFEL","article_modified_time":"2019-07-10T08:50:38+00:00","twitter_card":"summary_large_image","twitter_misc":{"Dur\u00e9e de lecture estim\u00e9e":"2 minutes"},"schema":{"@context":"https:\/\/schema.org","@graph":[{"@type":"WebPage","@id":"https:\/\/somafel.com\/fr\/conditions-dutilisation\/","url":"https:\/\/somafel.com\/fr\/conditions-dutilisation\/","name":"Conditions d\u2019Utilisation - SOMAFEL","isPartOf":{"@id":"https:\/\/somafel.com\/fr\/#website"},"datePublished":"2019-07-10T08:25:01+00:00","dateModified":"2019-07-10T08:50:38+00:00","description":"L\u2019utilisateur du site de SOMAFEL - Engenharia e Obras Ferrovi\u00e1rias, S.A. s\u2019efforce d\u2019agir de bonne foi et accepte implicitement les conditions g\u00e9n\u00e9rales.","breadcrumb":{"@id":"https:\/\/somafel.com\/fr\/conditions-dutilisation\/#breadcrumb"},"inLanguage":"fr-FR","potentialAction":[{"@type":"ReadAction","target":["https:\/\/somafel.com\/fr\/conditions-dutilisation\/"]}]},{"@type":"BreadcrumbList","@id":"https:\/\/somafel.com\/fr\/conditions-dutilisation\/#breadcrumb","itemListElement":[{"@type":"ListItem","position":1,"name":"In\u00edcio","item":"https:\/\/somafel.com\/fr\/"},{"@type":"ListItem","position":2,"name":"Conditions d\u2019Utilisation"}]},{"@type":"WebSite","@id":"https:\/\/somafel.com\/fr\/#website","url":"https:\/\/somafel.com\/fr\/","name":"SOMAFEL","description":"Railway Works Experts","potentialAction":[{"@type":"SearchAction","target":{"@type":"EntryPoint","urlTemplate":"https:\/\/somafel.com\/fr\/?s={search_term_string}"},"query-input":{"@type":"PropertyValueSpecification","valueRequired":true,"valueName":"search_term_string"}}],"inLanguage":"fr-FR"}]}},"uagb_featured_image_src":{"full":false,"thumbnail":false,"medium":false,"medium_large":false,"large":false,"1536x1536":false,"2048x2048":false,"custom-size":false},"uagb_author_info":{"display_name":"Marketing Teixeira Duarte","author_link":"https:\/\/somafel.com\/fr\/author\/marketingtd\/"},"uagb_comment_info":0,"uagb_excerpt":"L\u2019utilisateur du site de SOMAFEL &#8211; Engenharia e Obras Ferrovi\u00e1rias, S.A. s\u2019efforce d\u2019agir de bonne foi et accepte implicitement les conditions g\u00e9n\u00e9rales suivantes: D\u00e9claration sur la protection des droits d\u2019auteur Le contenu du site de SOMAFEL, y compris les textes, images ou toute autre information, est la propri\u00e9t\u00e9 de SOMAFEL, qui en d\u00e9tient les droits\u2026","_links":{"self":[{"href":"https:\/\/somafel.com\/fr\/wp-json\/wp\/v2\/pages\/3593","targetHints":{"allow":["GET"]}}],"collection":[{"href":"https:\/\/somafel.com\/fr\/wp-json\/wp\/v2\/pages"}],"about":[{"href":"https:\/\/somafel.com\/fr\/wp-json\/wp\/v2\/types\/page"}],"author":[{"embeddable":true,"href":"https:\/\/somafel.com\/fr\/wp-json\/wp\/v2\/users\/3"}],"replies":[{"embeddable":true,"href":"https:\/\/somafel.com\/fr\/wp-json\/wp\/v2\/comments?post=3593"}],"version-history":[{"count":2,"href":"https:\/\/somafel.com\/fr\/wp-json\/wp\/v2\/pages\/3593\/revisions"}],"predecessor-version":[{"id":3621,"href":"https:\/\/somafel.com\/fr\/wp-json\/wp\/v2\/pages\/3593\/revisions\/3621"}],"wp:attachment":[{"href":"https:\/\/somafel.com\/fr\/wp-json\/wp\/v2\/media?parent=3593"}],"curies":[{"name":"wp","href":"https:\/\/api.w.org\/{rel}","templated":true}]}}