
{"id":3239,"date":"2019-05-27T18:23:45","date_gmt":"2019-05-27T18:23:45","guid":{"rendered":"https:\/\/somafel.com\/contatos\/"},"modified":"2019-05-27T18:23:45","modified_gmt":"2019-05-27T18:23:45","slug":"contatos","status":"publish","type":"page","link":"https:\/\/somafel.com\/pt-br\/contatos\/","title":{"rendered":"Contatos"},"content":{"rendered":"\n<div class=\"wpcf7 no-js\" id=\"wpcf7-f4084-o1\" lang=\"pt-BR\" dir=\"ltr\" data-wpcf7-id=\"4084\">\n<div class=\"screen-reader-response\"><p role=\"status\" aria-live=\"polite\" aria-atomic=\"true\"><\/p> <ul><\/ul><\/div>\n<form action=\"\/pt-br\/wp-json\/wp\/v2\/pages\/3239#wpcf7-f4084-o1\" method=\"post\" class=\"wpcf7-form init\" aria-label=\"Formul\u00e1rios de contato\" novalidate=\"novalidate\" data-status=\"init\">\n<fieldset class=\"hidden-fields-container\"><input type=\"hidden\" name=\"_wpcf7\" value=\"4084\" \/><input type=\"hidden\" name=\"_wpcf7_version\" value=\"6.1.4\" \/><input type=\"hidden\" name=\"_wpcf7_locale\" value=\"pt_BR\" \/><input type=\"hidden\" name=\"_wpcf7_unit_tag\" value=\"wpcf7-f4084-o1\" \/><input type=\"hidden\" name=\"_wpcf7_container_post\" value=\"0\" \/><input type=\"hidden\" name=\"_wpcf7_posted_data_hash\" value=\"\" \/><input type=\"hidden\" name=\"_wpcf7_recaptcha_response\" value=\"\" \/>\n<\/fieldset>\n<div class=\"form-group c3\">\n\t<p><label for=\"your-name\">Nome:<\/label><br \/>\n<span class=\"wpcf7-form-control-wrap\" data-name=\"your-name\"><input size=\"40\" maxlength=\"400\" class=\"wpcf7-form-control wpcf7-text wpcf7-validates-as-required form-control\" id=\"your-name\" aria-required=\"true\" aria-invalid=\"false\" value=\"\" type=\"text\" name=\"your-name\" \/><\/span>\n\t<\/p>\n<\/div>\n<div class=\"form-group c3\">\n\t<p><label for=\"your-email\">E-mail:<\/label><br \/>\n<span class=\"wpcf7-form-control-wrap\" data-name=\"your-email\"><input size=\"40\" maxlength=\"400\" class=\"wpcf7-form-control wpcf7-email wpcf7-validates-as-required wpcf7-text wpcf7-validates-as-email form-control\" id=\"your-email\" aria-required=\"true\" aria-invalid=\"false\" value=\"\" type=\"email\" name=\"your-email\" \/><\/span>\n\t<\/p>\n<\/div>\n<div class=\"form-group c3\">\n\t<p><label for=\"your-phone\">Telefone:<\/label><br \/>\n<span class=\"wpcf7-form-control-wrap\" data-name=\"your-phone\"><input size=\"40\" maxlength=\"400\" class=\"wpcf7-form-control wpcf7-tel wpcf7-text wpcf7-validates-as-tel form-control\" id=\"your-phone\" aria-invalid=\"false\" value=\"\" type=\"tel\" name=\"your-phone\" \/><\/span>\n\t<\/p>\n<\/div>\n<div class=\"form-group\">\n\t<p><label for=\"your-message\">Mensagem:<\/label><br \/>\n<span class=\"wpcf7-form-control-wrap\" data-name=\"your-message\"><textarea cols=\"40\" rows=\"10\" maxlength=\"2000\" class=\"wpcf7-form-control wpcf7-textarea wpcf7-validates-as-required form-control\" id=\"your-message\" aria-required=\"true\" aria-invalid=\"false\" name=\"your-message\"><\/textarea><\/span>\n\t<\/p>\n<\/div>\n<hr \/>\n<h3>Termo de Consentimento\n<\/h3>\n<p>O presente termo de consentimento regula a recolha de dados pessoais e o seu posterior tratamento, bem como o exerc\u00edcio dos direitos do seu titular nos termos do Regulamento Geral sobre Prote\u00e7\u00e3o de Dados (RGPD).\n<\/p>\n<p>Os dados recolhidos ser\u00e3o processados e armazenados informaticamente pela entidade respons\u00e1vel pelo tratamento, a SOMAFEL - Engenharia e Obras Ferrovi\u00e1rias, S.A.<br \/>\nEstes dados ser\u00e3o tratados de forma confidencial e ser\u00e3o utilizados para dar resposta \u00e0 sua solicita\u00e7\u00e3o atrav\u00e9s do formul\u00e1rio da \u00e1rea de contactos e retidos no sistema inform\u00e1tico do respons\u00e1vel pelo tratamento pelo per\u00edodo e para as finalidades nos termos do consentimento.\n<\/p>\n<p>Nos termos da legisla\u00e7\u00e3o aplic\u00e1vel, o titular dos dados pessoais poder\u00e1 solicitar o acesso, atualiza\u00e7\u00e3o, corre\u00e7\u00e3o, suspens\u00e3o e elimina\u00e7\u00e3o dos dados que lhe dizem respeito, ou opor-se ao seu tratamento, bem como exercer o direito de portabilidade, pessoalmente, por carta ou por correio eletr\u00f3nico para:\n<\/p>\n<p>SOMAFEL - Engenharia e Obras Ferrovi\u00e1rias, S.A.<br \/>\nMorada: Lagoas Park, Edif\u00edcio 2, 2740-265 Porto Salvo, Oeiras, Portugal<br \/>\nEmail: <a href=\"mailto:geral@somafel.pt\">geral@somafel.pt<\/a>\n<\/p>\n<p>Caso o titular dos dados entenda que o tratamento dos dados pessoais que lhe digam respeito viola o RGPD, pode apresentar reclama\u00e7\u00e3o junto da CNPD - Comiss\u00e3o Nacional de Prote\u00e7\u00e3o de Dados (correio eletr\u00f3nico: geral@cnpd.pt e correio postal: Av. D. Carlos I, 134 \u2013 1\u00ba 1200-651 Lisboa).\n<\/p>\n<h4>Declaro que autorizo o tratamento dos meus dados pessoais nos termos acima referidos e para efeitos da solicita\u00e7\u00e3o\/reclama\u00e7\u00e3o descrita no campo mensagem e retidos no sistema inform\u00e1tico do respons\u00e1vel pelo tratamento at\u00e9 \u00e0 conclus\u00e3o do processo acrescido do per\u00edodo de um ano.\n<\/h4>\n<p><span style=\"color:Red;\">*<\/span><br \/>\n<span class=\"wpcf7-form-control-wrap\" data-name=\"rgpd-autorizacao-tratamento\"><span class=\"wpcf7-form-control wpcf7-checkbox wpcf7-validates-as-required wpcf7-exclusive-checkbox\"><span class=\"wpcf7-list-item first\"><input type=\"checkbox\" name=\"rgpd-autorizacao-tratamento\" value=\"Sim\" \/><span class=\"wpcf7-list-item-label\">Sim<\/span><\/span><span class=\"wpcf7-list-item last\"><input type=\"checkbox\" name=\"rgpd-autorizacao-tratamento\" value=\"N\u00e3o\" \/><span class=\"wpcf7-list-item-label\">N\u00e3o<\/span><\/span><\/span><\/span>\n<\/p>\n<h4>Declaro que autorizo o tratamento dos meus dados pessoais nos termos acima referidos e a sua transfer\u00eancia para as empresas\/sucursais\/delega\u00e7\u00f5es da SOMAFEL - Engenharia e Obras Ferrovi\u00e1rias, S.A. localizadas fora da Uni\u00e3o Europeia, caso o assunto descrito na solicita\u00e7\u00e3o\/reclama\u00e7\u00e3o deva ser tratado no local onde deu origem \u00e0 solicita\u00e7\u00e3o\/reclama\u00e7\u00e3o. Os dados pessoais ficar\u00e3o retidos no sistema inform\u00e1tico do respons\u00e1vel pelo tratamento at\u00e9 \u00e0 conclus\u00e3o do processo acrescido do per\u00edodo de um ano. Declaro ainda que fui informado das condi\u00e7\u00f5es da referida transfer\u00eancia nos termos da al\u00ednea a) do n\u00famero 1 do artigo 49\u00ba do RGPD (decis\u00e3o de adequa\u00e7\u00e3o e garantias adequadas, artigos 45\u00ba e 46\u00ba do RGPD).\n<\/h4>\n<p><span style=\"color:Red;\">*<\/span><br \/>\n<span class=\"wpcf7-form-control-wrap\" data-name=\"rgpd-autorizacao-transferencia\"><span class=\"wpcf7-form-control wpcf7-checkbox wpcf7-validates-as-required wpcf7-exclusive-checkbox\"><span class=\"wpcf7-list-item first\"><input type=\"checkbox\" name=\"rgpd-autorizacao-transferencia\" value=\"Sim\" \/><span class=\"wpcf7-list-item-label\">Sim<\/span><\/span><span class=\"wpcf7-list-item last\"><input type=\"checkbox\" name=\"rgpd-autorizacao-transferencia\" value=\"N\u00e3o\" \/><span class=\"wpcf7-list-item-label\">N\u00e3o<\/span><\/span><\/span><\/span>\n<\/p>\n<p>Para mais informa\u00e7\u00f5es consulte o <a href=\"http:\/\/bit.ly\/2GLbbuO\" target=\"blank\">Regulamento Geral de Prote\u00e7\u00e3o de Dados<\/a>.\n<\/p>\n<p>Nos termos da legisla\u00e7\u00e3o aplic\u00e1vel, o titular dos dados pessoais poder\u00e1 solicitar a revoga\u00e7\u00e3o dos consentimentos dados, por carta ou por correio eletr\u00f3nico para o respons\u00e1vel pelo tratamento acima indicados. Esta revoga\u00e7\u00e3o n\u00e3o tem efeitos retroativos.\n<\/p>\n<p>Para mais informa\u00e7\u00f5es sobre os termos de tratamento dos dados pessoais e os direitos que assistem aos seus titulares, favor consultar a nossa <a href=\"\/politica-de-privacidade\">Pol\u00edtica de Privacidade<\/a>.\n<\/p>\n<hr \/>\n<div class=\"form-group\">\n\t<p><input class=\"wpcf7-form-control wpcf7-submit has-spinner btn-enviar\" type=\"submit\" value=\"Enviar\" \/>\n\t<\/p>\n<\/div><div class=\"wpcf7-response-output\" aria-hidden=\"true\"><\/div>\n<\/form>\n<\/div>\n\n","protected":false},"excerpt":{"rendered":"","protected":false},"author":3,"featured_media":0,"parent":0,"menu_order":2,"comment_status":"closed","ping_status":"closed","template":"page-contato.php","meta":{"_acf_changed":false,"_uag_custom_page_level_css":"","footnotes":""},"class_list":["post-3239","page","type-page","status-publish","hentry"],"acf":[],"yoast_head":"<!-- This site is optimized with the Yoast SEO plugin v26.8 - https:\/\/yoast.com\/product\/yoast-seo-wordpress\/ -->\n<title>Contatos - SOMAFEL<\/title>\n<meta name=\"robots\" content=\"index, follow, max-snippet:-1, max-image-preview:large, max-video-preview:-1\" \/>\n<link rel=\"canonical\" href=\"https:\/\/somafel.com\/pt-br\/contatos\/\" \/>\n<meta property=\"og:locale\" content=\"pt_BR\" \/>\n<meta property=\"og:type\" content=\"article\" \/>\n<meta property=\"og:title\" content=\"Contatos - SOMAFEL\" \/>\n<meta property=\"og:url\" content=\"https:\/\/somafel.com\/pt-br\/contatos\/\" \/>\n<meta property=\"og:site_name\" content=\"SOMAFEL\" \/>\n<meta name=\"twitter:card\" content=\"summary_large_image\" \/>\n<script type=\"application\/ld+json\" class=\"yoast-schema-graph\">{\"@context\":\"https:\/\/schema.org\",\"@graph\":[{\"@type\":\"WebPage\",\"@id\":\"https:\/\/somafel.com\/pt-br\/contatos\/\",\"url\":\"https:\/\/somafel.com\/pt-br\/contatos\/\",\"name\":\"Contatos - SOMAFEL\",\"isPartOf\":{\"@id\":\"https:\/\/somafel.com\/pt-br\/#website\"},\"datePublished\":\"2019-05-27T18:23:45+00:00\",\"breadcrumb\":{\"@id\":\"https:\/\/somafel.com\/pt-br\/contatos\/#breadcrumb\"},\"inLanguage\":\"pt-BR\",\"potentialAction\":[{\"@type\":\"ReadAction\",\"target\":[\"https:\/\/somafel.com\/pt-br\/contatos\/\"]}]},{\"@type\":\"BreadcrumbList\",\"@id\":\"https:\/\/somafel.com\/pt-br\/contatos\/#breadcrumb\",\"itemListElement\":[{\"@type\":\"ListItem\",\"position\":1,\"name\":\"In\u00edcio\",\"item\":\"https:\/\/somafel.com\/pt-br\/\"},{\"@type\":\"ListItem\",\"position\":2,\"name\":\"Contatos\"}]},{\"@type\":\"WebSite\",\"@id\":\"https:\/\/somafel.com\/pt-br\/#website\",\"url\":\"https:\/\/somafel.com\/pt-br\/\",\"name\":\"SOMAFEL\",\"description\":\"Railway Works Experts\",\"potentialAction\":[{\"@type\":\"SearchAction\",\"target\":{\"@type\":\"EntryPoint\",\"urlTemplate\":\"https:\/\/somafel.com\/pt-br\/?s={search_term_string}\"},\"query-input\":{\"@type\":\"PropertyValueSpecification\",\"valueRequired\":true,\"valueName\":\"search_term_string\"}}],\"inLanguage\":\"pt-BR\"}]}<\/script>\n<!-- \/ Yoast SEO plugin. -->","yoast_head_json":{"title":"Contatos - SOMAFEL","robots":{"index":"index","follow":"follow","max-snippet":"max-snippet:-1","max-image-preview":"max-image-preview:large","max-video-preview":"max-video-preview:-1"},"canonical":"https:\/\/somafel.com\/pt-br\/contatos\/","og_locale":"pt_BR","og_type":"article","og_title":"Contatos - SOMAFEL","og_url":"https:\/\/somafel.com\/pt-br\/contatos\/","og_site_name":"SOMAFEL","twitter_card":"summary_large_image","schema":{"@context":"https:\/\/schema.org","@graph":[{"@type":"WebPage","@id":"https:\/\/somafel.com\/pt-br\/contatos\/","url":"https:\/\/somafel.com\/pt-br\/contatos\/","name":"Contatos - SOMAFEL","isPartOf":{"@id":"https:\/\/somafel.com\/pt-br\/#website"},"datePublished":"2019-05-27T18:23:45+00:00","breadcrumb":{"@id":"https:\/\/somafel.com\/pt-br\/contatos\/#breadcrumb"},"inLanguage":"pt-BR","potentialAction":[{"@type":"ReadAction","target":["https:\/\/somafel.com\/pt-br\/contatos\/"]}]},{"@type":"BreadcrumbList","@id":"https:\/\/somafel.com\/pt-br\/contatos\/#breadcrumb","itemListElement":[{"@type":"ListItem","position":1,"name":"In\u00edcio","item":"https:\/\/somafel.com\/pt-br\/"},{"@type":"ListItem","position":2,"name":"Contatos"}]},{"@type":"WebSite","@id":"https:\/\/somafel.com\/pt-br\/#website","url":"https:\/\/somafel.com\/pt-br\/","name":"SOMAFEL","description":"Railway Works Experts","potentialAction":[{"@type":"SearchAction","target":{"@type":"EntryPoint","urlTemplate":"https:\/\/somafel.com\/pt-br\/?s={search_term_string}"},"query-input":{"@type":"PropertyValueSpecification","valueRequired":true,"valueName":"search_term_string"}}],"inLanguage":"pt-BR"}]}},"uagb_featured_image_src":{"full":false,"thumbnail":false,"medium":false,"medium_large":false,"large":false,"1536x1536":false,"2048x2048":false,"custom-size":false},"uagb_author_info":{"display_name":"Marketing Teixeira Duarte","author_link":"https:\/\/somafel.com\/pt-br\/author\/marketingtd\/"},"uagb_comment_info":0,"uagb_excerpt":null,"_links":{"self":[{"href":"https:\/\/somafel.com\/pt-br\/wp-json\/wp\/v2\/pages\/3239","targetHints":{"allow":["GET"]}}],"collection":[{"href":"https:\/\/somafel.com\/pt-br\/wp-json\/wp\/v2\/pages"}],"about":[{"href":"https:\/\/somafel.com\/pt-br\/wp-json\/wp\/v2\/types\/page"}],"author":[{"embeddable":true,"href":"https:\/\/somafel.com\/pt-br\/wp-json\/wp\/v2\/users\/3"}],"replies":[{"embeddable":true,"href":"https:\/\/somafel.com\/pt-br\/wp-json\/wp\/v2\/comments?post=3239"}],"version-history":[{"count":1,"href":"https:\/\/somafel.com\/pt-br\/wp-json\/wp\/v2\/pages\/3239\/revisions"}],"predecessor-version":[{"id":3240,"href":"https:\/\/somafel.com\/pt-br\/wp-json\/wp\/v2\/pages\/3239\/revisions\/3240"}],"wp:attachment":[{"href":"https:\/\/somafel.com\/pt-br\/wp-json\/wp\/v2\/media?parent=3239"}],"curies":[{"name":"wp","href":"https:\/\/api.w.org\/{rel}","templated":true}]}}