
{"id":3572,"date":"2019-07-02T15:35:15","date_gmt":"2019-07-02T15:35:15","guid":{"rendered":"https:\/\/somafel.com\/termos-e-condicoes\/"},"modified":"2019-07-10T08:51:09","modified_gmt":"2019-07-10T08:51:09","slug":"termos-e-condicoes","status":"publish","type":"page","link":"https:\/\/somafel.com\/pt-br\/termos-e-condicoes\/","title":{"rendered":"Termos e Condi\u00e7\u00f5es"},"content":{"rendered":"\n<p>O utilizador do Site da SOMAFEL \u2013 Engenharia e Obras\nFerrovi\u00e1rias, S.A: (SOMAFEL) obriga-se a agir de boa-f\u00e9 e aceita implicitamente\nos seguintes Termos e Condi\u00e7\u00f5es:<\/p>\n\n\n\n<h4 class=\"wp-block-heading\"><strong>Declara\u00e7\u00e3o sobre\nProte\u00e7\u00e3o de Direitos de Autor<\/strong><\/h4>\n\n\n\n<p>O conte\u00fado do Site da&nbsp;SOMAFEL, incluindo\ntextos, imagens ou qualquer outra informa\u00e7\u00e3o, \u00e9 propriedade da&nbsp;<strong>SOMAFEL<\/strong>,\na qual det\u00e9m os respetivos direitos de autor.<\/p>\n\n\n\n<p>Ao\nutilizar o Site da&nbsp;SOMAFEL, o utilizador obriga-se a respeitar a\nlegisla\u00e7\u00e3o em vigor, nomeadamente, o C\u00f3digo do Direito de Autor e dos Direitos\nConexos, o C\u00f3digo da Propriedade Industrial e a Lei da Criminalidade\nInform\u00e1tica.<\/p>\n\n\n\n<p>O utilizador n\u00e3o pode copiar, importar ou\nutilizar conte\u00fado constante do Site da&nbsp;SOMAFEL&nbsp;sem obter pr\u00e9via\nautoriza\u00e7\u00e3o da&nbsp;<strong>SOMAFEL<\/strong>&nbsp;e sem referir o Site da SOMAFEL como fonte\nde informa\u00e7\u00e3o; no que respeita a conte\u00fado proveniente de s\u00edtios ligados a este\nSite, o utilizador dever\u00e1 obter a autoriza\u00e7\u00e3o dos respetivos autores,\nrespeitando as respetivas declara\u00e7\u00f5es de direitos de autor.<\/p>\n\n\n\n<p>A\nutiliza\u00e7\u00e3o ou distribui\u00e7\u00e3o n\u00e3o autorizada de qualquer material deste site pode\nser objeto de san\u00e7\u00f5es civis ou criminais de acordo com as leis aplic\u00e1veis.<\/p>\n\n\n\n<h4 class=\"wp-block-heading\"><strong>Declara\u00e7\u00e3o de\nExonera\u00e7\u00e3o de Responsabilidade<\/strong><\/h4>\n\n\n\n<p>O material\ncontido neste Site \u00e9 constitu\u00eddo por informa\u00e7\u00f5es de car\u00e1cter geral que n\u00e3o s\u00e3o\nnecessariamente exaustivas, rigorosas ou atualizadas.<\/p>\n\n\n\n<p>A&nbsp;<strong>SOMAFEL<\/strong>&nbsp;n\u00e3o garante que os\nservi\u00e7os disponibilizados pelo Site da&nbsp;SOMAFEL&nbsp;funcionem\nininterruptamente.<\/p>\n\n\n\n<p>A&nbsp;<strong>SOMAFEL<\/strong>&nbsp;n\u00e3o est\u00e1 obrigada a\nguardar o conte\u00fado do Site da SOMAFEL, incluindo textos, imagens ou qualquer\noutra informa\u00e7\u00e3o, podendo o mesmo ser destru\u00eddo a qualquer momento, sem que por\ntal facto advenha qualquer direito de indemniza\u00e7\u00e3o para os utilizadores ou\nquaisquer terceiros.<\/p>\n\n\n\n<p>Podem existir liga\u00e7\u00f5es a s\u00edtios externos ao\nSite da SOMAFEL sobre os quais a&nbsp;<strong>SOMAFEL<\/strong>, n\u00e3o tem qualquer controlo e\npelos quais n\u00e3o assume qualquer responsabilidade.<\/p>\n\n\n\n<p>A&nbsp;<strong>SOMAFEL<\/strong>&nbsp;n\u00e3o assume\nresponsabilidade por eventuais problemas que surjam na sequ\u00eancia da utiliza\u00e7\u00e3o\ndo Site da SOMAFEL ou de quaisquer s\u00edtios externos a ele ligados.<\/p>\n\n\n\n<h4 class=\"wp-block-heading\"><strong>Declara\u00e7\u00e3o de\nConfidencialidade<\/strong><\/h4>\n\n\n\n<p>Nos termos\ndo Art.\u00ba 35\u00ba da Constitui\u00e7\u00e3o da Rep\u00fablica Portuguesa e da Lei n.\u00ba 67\/98, de 26\nde Outubro, a informa\u00e7\u00e3o recolhida sobre os utilizadores do Site da SOMAFEL n\u00e3o\n\u00e9 de car\u00e1cter pessoal, pelo que se assegura a confidencialidade da sua\nidentidade.<\/p>\n\n\n\n<p>Haver\u00e1 todavia lugar \u00e0 identifica\u00e7\u00e3o dos\nutilizadores sempre que estes cometam ilegalidades, violem os presentes Termos\ne Condi\u00e7\u00f5es, ou quando tal for solicitado por decis\u00e3o judicial.<\/p>\n","protected":false},"excerpt":{"rendered":"<p>O utilizador do Site da SOMAFEL \u2013 Engenharia e Obras Ferrovi\u00e1rias, S.A: (SOMAFEL) obriga-se a agir de boa-f\u00e9 e aceita implicitamente os seguintes Termos e Condi\u00e7\u00f5es: Declara\u00e7\u00e3o sobre Prote\u00e7\u00e3o de Direitos de Autor O conte\u00fado do Site da&nbsp;SOMAFEL, incluindo textos, imagens ou qualquer outra informa\u00e7\u00e3o, \u00e9 propriedade da&nbsp;SOMAFEL, a qual det\u00e9m os respetivos direitos de [&hellip;]<\/p>\n","protected":false},"author":3,"featured_media":0,"parent":0,"menu_order":0,"comment_status":"closed","ping_status":"closed","template":"","meta":{"_acf_changed":false,"_uag_custom_page_level_css":"","footnotes":""},"class_list":["post-3572","page","type-page","status-publish","hentry"],"acf":[],"yoast_head":"<!-- This site is optimized with the Yoast SEO plugin v26.8 - https:\/\/yoast.com\/product\/yoast-seo-wordpress\/ -->\n<title>Termos e Condi\u00e7\u00f5es - SOMAFEL<\/title>\n<meta name=\"description\" content=\"O utilizador do Site da SOMAFEL \u2013 Engenharia e Obras Ferrovi\u00e1rias, S.A: (SOMAFEL) obriga-se a agir de boa-f\u00e9 e aceita implicitamente os Termos e Condi\u00e7\u00f5es.\" \/>\n<meta name=\"robots\" content=\"index, follow, max-snippet:-1, max-image-preview:large, max-video-preview:-1\" \/>\n<link rel=\"canonical\" href=\"https:\/\/somafel.com\/pt-br\/termos-e-condicoes\/\" \/>\n<meta property=\"og:locale\" content=\"pt_BR\" \/>\n<meta property=\"og:type\" content=\"article\" \/>\n<meta property=\"og:title\" content=\"Termos e Condi\u00e7\u00f5es - SOMAFEL\" \/>\n<meta property=\"og:description\" content=\"O utilizador do Site da SOMAFEL \u2013 Engenharia e Obras Ferrovi\u00e1rias, S.A: (SOMAFEL) obriga-se a agir de boa-f\u00e9 e aceita implicitamente os Termos e Condi\u00e7\u00f5es.\" \/>\n<meta property=\"og:url\" content=\"https:\/\/somafel.com\/pt-br\/termos-e-condicoes\/\" \/>\n<meta property=\"og:site_name\" content=\"SOMAFEL\" \/>\n<meta property=\"article:modified_time\" content=\"2019-07-10T08:51:09+00:00\" \/>\n<meta name=\"twitter:card\" content=\"summary_large_image\" \/>\n<meta name=\"twitter:label1\" content=\"Est. tempo de leitura\" \/>\n\t<meta name=\"twitter:data1\" content=\"2 minutos\" \/>\n<script type=\"application\/ld+json\" class=\"yoast-schema-graph\">{\"@context\":\"https:\/\/schema.org\",\"@graph\":[{\"@type\":\"WebPage\",\"@id\":\"https:\/\/somafel.com\/pt-br\/termos-e-condicoes\/\",\"url\":\"https:\/\/somafel.com\/pt-br\/termos-e-condicoes\/\",\"name\":\"Termos e Condi\u00e7\u00f5es - SOMAFEL\",\"isPartOf\":{\"@id\":\"https:\/\/somafel.com\/pt-br\/#website\"},\"datePublished\":\"2019-07-02T15:35:15+00:00\",\"dateModified\":\"2019-07-10T08:51:09+00:00\",\"description\":\"O utilizador do Site da SOMAFEL \u2013 Engenharia e Obras Ferrovi\u00e1rias, S.A: (SOMAFEL) obriga-se a agir de boa-f\u00e9 e aceita implicitamente os Termos e Condi\u00e7\u00f5es.\",\"breadcrumb\":{\"@id\":\"https:\/\/somafel.com\/pt-br\/termos-e-condicoes\/#breadcrumb\"},\"inLanguage\":\"pt-BR\",\"potentialAction\":[{\"@type\":\"ReadAction\",\"target\":[\"https:\/\/somafel.com\/pt-br\/termos-e-condicoes\/\"]}]},{\"@type\":\"BreadcrumbList\",\"@id\":\"https:\/\/somafel.com\/pt-br\/termos-e-condicoes\/#breadcrumb\",\"itemListElement\":[{\"@type\":\"ListItem\",\"position\":1,\"name\":\"In\u00edcio\",\"item\":\"https:\/\/somafel.com\/pt-br\/\"},{\"@type\":\"ListItem\",\"position\":2,\"name\":\"Termos e Condi\u00e7\u00f5es\"}]},{\"@type\":\"WebSite\",\"@id\":\"https:\/\/somafel.com\/pt-br\/#website\",\"url\":\"https:\/\/somafel.com\/pt-br\/\",\"name\":\"SOMAFEL\",\"description\":\"Railway Works Experts\",\"potentialAction\":[{\"@type\":\"SearchAction\",\"target\":{\"@type\":\"EntryPoint\",\"urlTemplate\":\"https:\/\/somafel.com\/pt-br\/?s={search_term_string}\"},\"query-input\":{\"@type\":\"PropertyValueSpecification\",\"valueRequired\":true,\"valueName\":\"search_term_string\"}}],\"inLanguage\":\"pt-BR\"}]}<\/script>\n<!-- \/ Yoast SEO plugin. -->","yoast_head_json":{"title":"Termos e Condi\u00e7\u00f5es - SOMAFEL","description":"O utilizador do Site da SOMAFEL \u2013 Engenharia e Obras Ferrovi\u00e1rias, S.A: (SOMAFEL) obriga-se a agir de boa-f\u00e9 e aceita implicitamente os Termos e Condi\u00e7\u00f5es.","robots":{"index":"index","follow":"follow","max-snippet":"max-snippet:-1","max-image-preview":"max-image-preview:large","max-video-preview":"max-video-preview:-1"},"canonical":"https:\/\/somafel.com\/pt-br\/termos-e-condicoes\/","og_locale":"pt_BR","og_type":"article","og_title":"Termos e Condi\u00e7\u00f5es - SOMAFEL","og_description":"O utilizador do Site da SOMAFEL \u2013 Engenharia e Obras Ferrovi\u00e1rias, S.A: (SOMAFEL) obriga-se a agir de boa-f\u00e9 e aceita implicitamente os Termos e Condi\u00e7\u00f5es.","og_url":"https:\/\/somafel.com\/pt-br\/termos-e-condicoes\/","og_site_name":"SOMAFEL","article_modified_time":"2019-07-10T08:51:09+00:00","twitter_card":"summary_large_image","twitter_misc":{"Est. tempo de leitura":"2 minutos"},"schema":{"@context":"https:\/\/schema.org","@graph":[{"@type":"WebPage","@id":"https:\/\/somafel.com\/pt-br\/termos-e-condicoes\/","url":"https:\/\/somafel.com\/pt-br\/termos-e-condicoes\/","name":"Termos e Condi\u00e7\u00f5es - SOMAFEL","isPartOf":{"@id":"https:\/\/somafel.com\/pt-br\/#website"},"datePublished":"2019-07-02T15:35:15+00:00","dateModified":"2019-07-10T08:51:09+00:00","description":"O utilizador do Site da SOMAFEL \u2013 Engenharia e Obras Ferrovi\u00e1rias, S.A: (SOMAFEL) obriga-se a agir de boa-f\u00e9 e aceita implicitamente os Termos e Condi\u00e7\u00f5es.","breadcrumb":{"@id":"https:\/\/somafel.com\/pt-br\/termos-e-condicoes\/#breadcrumb"},"inLanguage":"pt-BR","potentialAction":[{"@type":"ReadAction","target":["https:\/\/somafel.com\/pt-br\/termos-e-condicoes\/"]}]},{"@type":"BreadcrumbList","@id":"https:\/\/somafel.com\/pt-br\/termos-e-condicoes\/#breadcrumb","itemListElement":[{"@type":"ListItem","position":1,"name":"In\u00edcio","item":"https:\/\/somafel.com\/pt-br\/"},{"@type":"ListItem","position":2,"name":"Termos e Condi\u00e7\u00f5es"}]},{"@type":"WebSite","@id":"https:\/\/somafel.com\/pt-br\/#website","url":"https:\/\/somafel.com\/pt-br\/","name":"SOMAFEL","description":"Railway Works Experts","potentialAction":[{"@type":"SearchAction","target":{"@type":"EntryPoint","urlTemplate":"https:\/\/somafel.com\/pt-br\/?s={search_term_string}"},"query-input":{"@type":"PropertyValueSpecification","valueRequired":true,"valueName":"search_term_string"}}],"inLanguage":"pt-BR"}]}},"uagb_featured_image_src":{"full":false,"thumbnail":false,"medium":false,"medium_large":false,"large":false,"1536x1536":false,"2048x2048":false,"custom-size":false},"uagb_author_info":{"display_name":"Marketing Teixeira Duarte","author_link":"https:\/\/somafel.com\/pt-br\/author\/marketingtd\/"},"uagb_comment_info":0,"uagb_excerpt":"O utilizador do Site da SOMAFEL \u2013 Engenharia e Obras Ferrovi\u00e1rias, S.A: (SOMAFEL) obriga-se a agir de boa-f\u00e9 e aceita implicitamente os seguintes Termos e Condi\u00e7\u00f5es: Declara\u00e7\u00e3o sobre Prote\u00e7\u00e3o de Direitos de Autor O conte\u00fado do Site da&nbsp;SOMAFEL, incluindo textos, imagens ou qualquer outra informa\u00e7\u00e3o, \u00e9 propriedade da&nbsp;SOMAFEL, a qual det\u00e9m os respetivos direitos de&hellip;","_links":{"self":[{"href":"https:\/\/somafel.com\/pt-br\/wp-json\/wp\/v2\/pages\/3572","targetHints":{"allow":["GET"]}}],"collection":[{"href":"https:\/\/somafel.com\/pt-br\/wp-json\/wp\/v2\/pages"}],"about":[{"href":"https:\/\/somafel.com\/pt-br\/wp-json\/wp\/v2\/types\/page"}],"author":[{"embeddable":true,"href":"https:\/\/somafel.com\/pt-br\/wp-json\/wp\/v2\/users\/3"}],"replies":[{"embeddable":true,"href":"https:\/\/somafel.com\/pt-br\/wp-json\/wp\/v2\/comments?post=3572"}],"version-history":[{"count":2,"href":"https:\/\/somafel.com\/pt-br\/wp-json\/wp\/v2\/pages\/3572\/revisions"}],"predecessor-version":[{"id":3622,"href":"https:\/\/somafel.com\/pt-br\/wp-json\/wp\/v2\/pages\/3572\/revisions\/3622"}],"wp:attachment":[{"href":"https:\/\/somafel.com\/pt-br\/wp-json\/wp\/v2\/media?parent=3572"}],"curies":[{"name":"wp","href":"https:\/\/api.w.org\/{rel}","templated":true}]}}