
{"id":3574,"date":"2019-06-11T10:50:12","date_gmt":"2019-06-11T10:50:12","guid":{"rendered":"https:\/\/somafel.com\/politica-de-privacidade\/"},"modified":"2019-07-10T08:52:32","modified_gmt":"2019-07-10T08:52:32","slug":"politica-de-privacidade","status":"publish","type":"page","link":"https:\/\/somafel.com\/pt-br\/politica-de-privacidade\/","title":{"rendered":"Pol\u00edtica de Privacidade"},"content":{"rendered":"\n<p>O \u201c<em>website<\/em>\u201d www.somafel.com \u00e9 propriedade da SOMAFEL &#8211; Engenharia e Obras Ferrovi\u00e1rias, S.A..<\/p>\n\n\n\n<p>A SOMAFEL &#8211; Engenharia e Obras Ferrovi\u00e1rias , S.A. respeita a sua privacidade e compromete-se a proteg\u00ea-la. Para esse efeito, chamamos a sua aten\u00e7\u00e3o para esta Nota de Privacidade, que fornece informa\u00e7\u00e3o acerca da nossa Pol\u00edtica de Privacidade, pr\u00e1ticas e escolhas que poder\u00e1 fazer sobre o modo de recolha de informa\u00e7\u00e3o \u201c<em>online<\/em>\u201d e como essa informa\u00e7\u00e3o poder\u00e1 ser usada. Este \u201c<em>website<\/em>\u201d rege-se pelas leis de Portugal. Os tribunais portugueses ter\u00e3o jurisdi\u00e7\u00e3o exclusiva sobre qualquer disputa proveniente da utiliza\u00e7\u00e3o deste \u201c<em>website<\/em>\u201d.<\/p>\n\n\n\n<h4 class=\"wp-block-heading\"><strong>1. Dados recolhidos automaticamente<\/strong><\/h4>\n\n\n\n<p>Os dom\u00ednios e endere\u00e7os de IP dos visitantes s\u00e3o registados automaticamente. Esta informa\u00e7\u00e3o n\u00e3o identifica o utilizador, mas apenas o computador utilizado no acesso ao site. Estes dados s\u00e3o analisados a n\u00edvel global para verificar em que s\u00edtio do mundo \u00e9 que o site est\u00e1 a ser utilizado, por forma a assegurar a sua cobertura e para permitir que o nosso servi\u00e7o ao utilizador possa ser melhorado. Os dados pessoais de cada utilizador n\u00e3o s\u00e3o objeto de recolha e an\u00e1lise neste processo.<\/p>\n\n\n\n<h4 class=\"wp-block-heading\"><strong>2. Cookies<\/strong><\/h4>\n\n\n\n<p>Para recolher a informa\u00e7\u00e3o referida no ponto 1, poder\u00e3o ser utilizados \u201ccookies\u201d tempor\u00e1rios que ficar\u00e3o no ficheiro de \u201ccookies\u201d do programa de navega\u00e7\u00e3o do utilizador at\u00e9 que o mesmo seja encerrado. Os \u201ccookies\u201d por si s\u00f3 n\u00e3o servem para identificar o utilizador. O \u201ccookie\u201d \u00e9 um pequeno peda\u00e7o de informa\u00e7\u00e3o enviada para o servidor do utilizador e arquivada no disco duro do seu computador, n\u00e3o causando qualquer dano ao mesmo. O utilizador poder\u00e1 programar o seu programa de navega\u00e7\u00e3o por forma a ser notificado sempre que receber um \u201ccookie\u201d, para que possa optar por aceit\u00e1-lo ou rejeit\u00e1-lo.\n\u00c9 utilizado o endere\u00e7o IP do utilizador para ajudar a diagnosticar problemas com o seu servidor e para administrar o \u201cwebsite\u201d www.somafel.com. O endere\u00e7o IP \u00e9 um c\u00f3digo num\u00e9rico que identifica um computador na rede\/Internet. O endere\u00e7o IP do utilizador \u00e9 tamb\u00e9m utilizado para recolher informa\u00e7\u00e3o demogr\u00e1fica. Poderemos tamb\u00e9m proceder a pesquisas de IP para determinar de que dom\u00ednio o utilizador partiu (i.e.: aol.com, asuaempresa.com) para melhor aferir os dados demogr\u00e1ficos do utilizador.<\/p>\n\n\n\n<h4 class=\"wp-block-heading\"><strong>3. Recolha e tratamento de dados pessoais<\/strong><\/h4>\n\n\n\n<p>A presente Pol\u00edtica de Privacidade regula a recolha de dados pessoais e o seu posterior tratamento, bem como o exerc\u00edcio dos seus direitos do seu titular nos termos do Regulamento Geral sobre Prote\u00e7\u00e3o de Dados (RGPD).\nOs dados recolhidos ser\u00e3o processados e armazenados informaticamente pela entidade respons\u00e1vel pelo tratamento, a SOMAFEL &#8211; Engenharia e Obras Ferrovi\u00e1rias, S.A..\nEstes dados ser\u00e3o tratados de forma confidencial e ser\u00e3o utilizados para Recrutamento e Sele\u00e7\u00e3o (pela Dire\u00e7\u00e3o Central de Recursos Humanos), para Gest\u00e3o de Den\u00fancias e Reclama\u00e7\u00f5es (pela Equipa de Gest\u00e3o de Compliance), Pedidos de Informa\u00e7\u00e3o ou Esclarecimento (pela Secretaria Corporativa) e Responsabilidade Social (pelos Representantes dos Trabalhadores para a Responsabilidade Social).\nO tratamento dos dados recolhidos \u00e9 necess\u00e1rio para o prosseguimento das atividades principais e acess\u00f3rias dos respons\u00e1veis pelo tratamento e explicitamente indicadas nos formul\u00e1rios de recolha de informa\u00e7\u00e3o.<\/p>\n\n\n\n<h4 class=\"wp-block-heading\"><strong>4. Acesso aos dados pessoais<\/strong><\/h4>\n\n\n\n<p>Nos termos da legisla\u00e7\u00e3o aplic\u00e1vel, o titular dos dados pessoais poder\u00e1 solicitar o acesso, atualiza\u00e7\u00e3o, corre\u00e7\u00e3o, suspens\u00e3o e elimina\u00e7\u00e3o dos dados que lhe dizem respeito, ou opor-se ao seu tratamento, bem como exercer o direito de portabilidade, pessoalmente, por carta ou por correio eletr\u00f3nico para:\nSOMAFEL &#8211; Engenharia e Obras Ferrovi\u00e1rias , S.A.\nMorada: Lagoas Park, Edif\u00edcio 2, 2740-265 Porto Salvo, Oeiras, Portugal\nEmail: geral@somafel.pt<\/p>\n\n\n\n<p>Caso o titular dos dados entenda que o tratamento dos dados pessoais que lhe digam respeito viola o RGPD, pode apresentar reclama\u00e7\u00e3o junto da Autoridade Nacional de Controlo.<\/p>\n\n\n\n<h4 class=\"wp-block-heading\"><strong>5. Cumprimento\/conformidade de privacidade<\/strong><\/h4>\n\n\n\n<p>A presente pol\u00edtica de privacidade regula a recolha e o posterior tratamento dos dados pessoais recolhidos junto do seu titular bem como o exerc\u00edcio dos seus direitos nos termos do Regulamento Geral sobre Prote\u00e7\u00e3o de Dados (RGPD). A legisla\u00e7\u00e3o de prote\u00e7\u00e3o de dados est\u00e1 sujeita a revis\u00e3o, pelo que recomendamos ao utilizador a consulta regular da nossa declara\u00e7\u00e3o de privacidade.<\/p>\n\n\n\n<h4 class=\"wp-block-heading\"><strong>6. Hyperlinks<\/strong><\/h4>\n\n\n\n<p>O \u201c<em>website<\/em>\u201d da SOMAFEL &#8211; Engenharia e Obras Ferrovi\u00e1rias, S.A. poder\u00e1 fornecer \u201clinks\u201d para \u201csites\u201d externos para sua conveni\u00eancia e informa\u00e7\u00e3o. Ao aceder a esses \u201clinks\u201d sair\u00e1 do site da SOMAFEL &#8211; Engenharia e Obras Ferrovi\u00e1rias, S.A.. A SOMAFEL &#8211; Engenharia e Obras Ferrovi\u00e1rias, S.A. n\u00e3o controla esses sites nem as suas pol\u00edticas de privacidade, que poder\u00e3o ser diferentes das SOMAFEL &#8211; Engenharia e Obras Ferrovi\u00e1rias, S.A.. A SOMAFEL &#8211; Engenharia e Obras Ferrovi\u00e1rias, S.A. n\u00e3o aprova nem representa estes sites. A Declara\u00e7\u00e3o de Privacidade da SOMAFEL &#8211; Engenharia e Obras Ferrovi\u00e1rias, S.A. n\u00e3o cobre os dados pessoais eventualmente cedidos pelo utilizador para sites externos \u00e0 SOMAFEL &#8211; Engenharia e Obras Ferrovi\u00e1rias, S.A..<\/p>\n\n\n\n<p>Recomendamos-lhe que reveja as pol\u00edticas de privacidade de qualquer companhia antes de submeter a sua informa\u00e7\u00e3o pessoal. Algumas companhias externas poder\u00e3o escolher partilhar a sua informa\u00e7\u00e3o pessoal com a  SOMAFEL &#8211; Engenharia e Obras Ferrovi\u00e1rias, S.A., pelo que esta partilha ser\u00e1 regida pela pol\u00edtica de privacidade dessa companhia.<\/p>\n\n\n\n<h4 class=\"wp-block-heading\"><strong>7. Propriedade e Acesso<\/strong><\/h4>\n\n\n\n<p>Todo o conte\u00fado deste site (textos, imagens, marcas e log\u00f3tipos) \u00e9 propriedade intelectual da empresa  SOMAFEL &#8211; Engenharia e Obras Ferrovi\u00e1rias, S.A.. \u00c9 proibida a c\u00f3pia, reprodu\u00e7\u00e3o, modifica\u00e7\u00e3o ou difus\u00e3o do conte\u00fado deste site sem uma permiss\u00e3o por escrito da  SOMAFEL &#8211; Engenharia e Obras Ferrovi\u00e1rias, S.A.. A  SOMAFEL &#8211; Engenharia e Obras Ferrovi\u00e1rias, S.A. permite o livre acesso, sem custos, a este site, com o objetivo de proporcionar informa\u00e7\u00e3o sobre a nossa empresa e o trabalho que temos desenvolvido para os nossos clientes.<\/p>\n\n\n\n<h4 class=\"wp-block-heading\"><strong>8. Seguran\u00e7a<\/strong><\/h4>\n\n\n\n<p>A  SOMAFEL &#8211; Engenharia e Obras Ferrovi\u00e1rias, S.A. utiliza medidas de seguran\u00e7a a n\u00edvel t\u00e9cnico e organizativo para proteger contra manipula\u00e7\u00e3o, extravio, destrui\u00e7\u00e3o e acesso n\u00e3o autorizado aos dados por si concedidos e administrados pela  SOMAFEL &#8211; Engenharia e Obras Ferrovi\u00e1rias, S.A.. As medidas de seguran\u00e7a adotadas s\u00e3o constantemente otimizadas, de acordo com os avan\u00e7os tecnol\u00f3gicos mais recentes.<\/p>\n\n\n\n<h4 class=\"wp-block-heading\"><strong>9. Lei e jurisdi\u00e7\u00e3o<\/strong><\/h4>\n\n\n\n<p>Este site foi criado e est\u00e1 em funcionamento de acordo com as leis portuguesas. O uso deste site est\u00e1 sujeito \u00e0 aceita\u00e7\u00e3o destas regras e de outros termos e condi\u00e7\u00f5es que venham a ser adotados.\nQualquer lit\u00edgio que envolva a SOMAFEL &#8211; Engenharia e Obras Ferrovi\u00e1rias, S.A., no \u00e2mbito deste site ser\u00e1 regulado pela legisla\u00e7\u00e3o em vigor, sendo competentes, unicamente, os tribunais portugueses.<\/p>\n\n\n\n<h4 class=\"wp-block-heading\"><strong>10. Altera\u00e7\u00f5es<\/strong><\/h4>\n\n\n\n<p>A SOMAFEL &#8211; Engenharia e Obras Ferrovi\u00e1rias, S.A. reserva-se o direito de atualizar ocasionalmente a sua pol\u00edtica de privacidade. Sempre que o fizermos, divulgaremos a data da \u00faltima atualiza\u00e7\u00e3o.\nA SOMAFEL &#8211; Engenharia e Obras Ferrovi\u00e1rias, S.A. reserva-se ainda o direito de suspender o acesso a este site sem qualquer aviso pr\u00e9vio.<\/p>\n\n\n\n<p>Data da \u00faltima revis\u00e3o: 11\/06\/2019<\/p>\n","protected":false},"excerpt":{"rendered":"<p>O \u201cwebsite\u201d www.somafel.com \u00e9 propriedade da SOMAFEL &#8211; Engenharia e Obras Ferrovi\u00e1rias, S.A.. A SOMAFEL &#8211; Engenharia e Obras Ferrovi\u00e1rias , S.A. respeita a sua privacidade e compromete-se a proteg\u00ea-la. Para esse efeito, chamamos a sua aten\u00e7\u00e3o para esta Nota de Privacidade, que fornece informa\u00e7\u00e3o acerca da nossa Pol\u00edtica de Privacidade, pr\u00e1ticas e escolhas que [&hellip;]<\/p>\n","protected":false},"author":3,"featured_media":0,"parent":0,"menu_order":0,"comment_status":"closed","ping_status":"closed","template":"","meta":{"_acf_changed":false,"_uag_custom_page_level_css":"","footnotes":""},"class_list":["post-3574","page","type-page","status-publish","hentry"],"acf":[],"yoast_head":"<!-- This site is optimized with the Yoast SEO plugin v26.8 - https:\/\/yoast.com\/product\/yoast-seo-wordpress\/ -->\n<title>Pol\u00edtica de Privacidade - SOMAFEL<\/title>\n<meta name=\"description\" content=\"O \u201cwebsite\u201d www.somafel.com \u00e9 propriedade da SOMAFEL - Engenharia e Obras Ferrovi\u00e1rias, S.A..\" \/>\n<meta name=\"robots\" content=\"index, follow, max-snippet:-1, max-image-preview:large, max-video-preview:-1\" \/>\n<link rel=\"canonical\" href=\"https:\/\/somafel.com\/pt-br\/politica-de-privacidade\/\" \/>\n<meta property=\"og:locale\" content=\"pt_BR\" \/>\n<meta property=\"og:type\" content=\"article\" \/>\n<meta property=\"og:title\" content=\"Pol\u00edtica de Privacidade - SOMAFEL\" \/>\n<meta property=\"og:description\" content=\"O \u201cwebsite\u201d www.somafel.com \u00e9 propriedade da SOMAFEL - Engenharia e Obras Ferrovi\u00e1rias, S.A..\" \/>\n<meta property=\"og:url\" content=\"https:\/\/somafel.com\/pt-br\/politica-de-privacidade\/\" \/>\n<meta property=\"og:site_name\" content=\"SOMAFEL\" \/>\n<meta property=\"article:modified_time\" content=\"2019-07-10T08:52:32+00:00\" \/>\n<meta name=\"twitter:card\" content=\"summary_large_image\" \/>\n<meta name=\"twitter:label1\" content=\"Est. tempo de leitura\" \/>\n\t<meta name=\"twitter:data1\" content=\"6 minutos\" \/>\n<script type=\"application\/ld+json\" class=\"yoast-schema-graph\">{\"@context\":\"https:\/\/schema.org\",\"@graph\":[{\"@type\":\"WebPage\",\"@id\":\"https:\/\/somafel.com\/pt-br\/politica-de-privacidade\/\",\"url\":\"https:\/\/somafel.com\/pt-br\/politica-de-privacidade\/\",\"name\":\"Pol\u00edtica de Privacidade - SOMAFEL\",\"isPartOf\":{\"@id\":\"https:\/\/somafel.com\/pt-br\/#website\"},\"datePublished\":\"2019-06-11T10:50:12+00:00\",\"dateModified\":\"2019-07-10T08:52:32+00:00\",\"description\":\"O \u201cwebsite\u201d www.somafel.com \u00e9 propriedade da SOMAFEL - Engenharia e Obras Ferrovi\u00e1rias, S.A..\",\"breadcrumb\":{\"@id\":\"https:\/\/somafel.com\/pt-br\/politica-de-privacidade\/#breadcrumb\"},\"inLanguage\":\"pt-BR\",\"potentialAction\":[{\"@type\":\"ReadAction\",\"target\":[\"https:\/\/somafel.com\/pt-br\/politica-de-privacidade\/\"]}]},{\"@type\":\"BreadcrumbList\",\"@id\":\"https:\/\/somafel.com\/pt-br\/politica-de-privacidade\/#breadcrumb\",\"itemListElement\":[{\"@type\":\"ListItem\",\"position\":1,\"name\":\"In\u00edcio\",\"item\":\"https:\/\/somafel.com\/pt-br\/\"},{\"@type\":\"ListItem\",\"position\":2,\"name\":\"Pol\u00edtica de Privacidade\"}]},{\"@type\":\"WebSite\",\"@id\":\"https:\/\/somafel.com\/pt-br\/#website\",\"url\":\"https:\/\/somafel.com\/pt-br\/\",\"name\":\"SOMAFEL\",\"description\":\"Railway Works Experts\",\"potentialAction\":[{\"@type\":\"SearchAction\",\"target\":{\"@type\":\"EntryPoint\",\"urlTemplate\":\"https:\/\/somafel.com\/pt-br\/?s={search_term_string}\"},\"query-input\":{\"@type\":\"PropertyValueSpecification\",\"valueRequired\":true,\"valueName\":\"search_term_string\"}}],\"inLanguage\":\"pt-BR\"}]}<\/script>\n<!-- \/ Yoast SEO plugin. -->","yoast_head_json":{"title":"Pol\u00edtica de Privacidade - SOMAFEL","description":"O \u201cwebsite\u201d www.somafel.com \u00e9 propriedade da SOMAFEL - Engenharia e Obras Ferrovi\u00e1rias, S.A..","robots":{"index":"index","follow":"follow","max-snippet":"max-snippet:-1","max-image-preview":"max-image-preview:large","max-video-preview":"max-video-preview:-1"},"canonical":"https:\/\/somafel.com\/pt-br\/politica-de-privacidade\/","og_locale":"pt_BR","og_type":"article","og_title":"Pol\u00edtica de Privacidade - SOMAFEL","og_description":"O \u201cwebsite\u201d www.somafel.com \u00e9 propriedade da SOMAFEL - Engenharia e Obras Ferrovi\u00e1rias, S.A..","og_url":"https:\/\/somafel.com\/pt-br\/politica-de-privacidade\/","og_site_name":"SOMAFEL","article_modified_time":"2019-07-10T08:52:32+00:00","twitter_card":"summary_large_image","twitter_misc":{"Est. tempo de leitura":"6 minutos"},"schema":{"@context":"https:\/\/schema.org","@graph":[{"@type":"WebPage","@id":"https:\/\/somafel.com\/pt-br\/politica-de-privacidade\/","url":"https:\/\/somafel.com\/pt-br\/politica-de-privacidade\/","name":"Pol\u00edtica de Privacidade - SOMAFEL","isPartOf":{"@id":"https:\/\/somafel.com\/pt-br\/#website"},"datePublished":"2019-06-11T10:50:12+00:00","dateModified":"2019-07-10T08:52:32+00:00","description":"O \u201cwebsite\u201d www.somafel.com \u00e9 propriedade da SOMAFEL - Engenharia e Obras Ferrovi\u00e1rias, S.A..","breadcrumb":{"@id":"https:\/\/somafel.com\/pt-br\/politica-de-privacidade\/#breadcrumb"},"inLanguage":"pt-BR","potentialAction":[{"@type":"ReadAction","target":["https:\/\/somafel.com\/pt-br\/politica-de-privacidade\/"]}]},{"@type":"BreadcrumbList","@id":"https:\/\/somafel.com\/pt-br\/politica-de-privacidade\/#breadcrumb","itemListElement":[{"@type":"ListItem","position":1,"name":"In\u00edcio","item":"https:\/\/somafel.com\/pt-br\/"},{"@type":"ListItem","position":2,"name":"Pol\u00edtica de Privacidade"}]},{"@type":"WebSite","@id":"https:\/\/somafel.com\/pt-br\/#website","url":"https:\/\/somafel.com\/pt-br\/","name":"SOMAFEL","description":"Railway Works Experts","potentialAction":[{"@type":"SearchAction","target":{"@type":"EntryPoint","urlTemplate":"https:\/\/somafel.com\/pt-br\/?s={search_term_string}"},"query-input":{"@type":"PropertyValueSpecification","valueRequired":true,"valueName":"search_term_string"}}],"inLanguage":"pt-BR"}]}},"uagb_featured_image_src":{"full":false,"thumbnail":false,"medium":false,"medium_large":false,"large":false,"1536x1536":false,"2048x2048":false,"custom-size":false},"uagb_author_info":{"display_name":"Marketing Teixeira Duarte","author_link":"https:\/\/somafel.com\/pt-br\/author\/marketingtd\/"},"uagb_comment_info":0,"uagb_excerpt":"O \u201cwebsite\u201d www.somafel.com \u00e9 propriedade da SOMAFEL &#8211; Engenharia e Obras Ferrovi\u00e1rias, S.A.. A SOMAFEL &#8211; Engenharia e Obras Ferrovi\u00e1rias , S.A. respeita a sua privacidade e compromete-se a proteg\u00ea-la. Para esse efeito, chamamos a sua aten\u00e7\u00e3o para esta Nota de Privacidade, que fornece informa\u00e7\u00e3o acerca da nossa Pol\u00edtica de Privacidade, pr\u00e1ticas e escolhas que&hellip;","_links":{"self":[{"href":"https:\/\/somafel.com\/pt-br\/wp-json\/wp\/v2\/pages\/3574","targetHints":{"allow":["GET"]}}],"collection":[{"href":"https:\/\/somafel.com\/pt-br\/wp-json\/wp\/v2\/pages"}],"about":[{"href":"https:\/\/somafel.com\/pt-br\/wp-json\/wp\/v2\/types\/page"}],"author":[{"embeddable":true,"href":"https:\/\/somafel.com\/pt-br\/wp-json\/wp\/v2\/users\/3"}],"replies":[{"embeddable":true,"href":"https:\/\/somafel.com\/pt-br\/wp-json\/wp\/v2\/comments?post=3574"}],"version-history":[{"count":3,"href":"https:\/\/somafel.com\/pt-br\/wp-json\/wp\/v2\/pages\/3574\/revisions"}],"predecessor-version":[{"id":3623,"href":"https:\/\/somafel.com\/pt-br\/wp-json\/wp\/v2\/pages\/3574\/revisions\/3623"}],"wp:attachment":[{"href":"https:\/\/somafel.com\/pt-br\/wp-json\/wp\/v2\/media?parent=3574"}],"curies":[{"name":"wp","href":"https:\/\/api.w.org\/{rel}","templated":true}]}}