
{"id":4539,"date":"2023-01-26T16:49:54","date_gmt":"2023-01-26T16:49:54","guid":{"rendered":"https:\/\/somafel.com\/projetos-cofinanciados\/"},"modified":"2023-10-12T10:53:02","modified_gmt":"2023-10-12T10:53:02","slug":"projetos-cofinanciados","status":"publish","type":"page","link":"https:\/\/somafel.com\/pt-br\/projetos-cofinanciados\/","title":{"rendered":"Projetos Cofinanciados"},"content":{"rendered":"\n<div class=\"wp-block-buttons is-layout-flex wp-block-buttons-is-layout-flex\"><\/div>\n\n<p class=\"has-medium-font-size\"><\/p><p class=\"has-medium-font-size\" style=\"margin-top:0;\"><p style=\"font-size:20px;margin-top:0;\"><strong>Plano Formativo SOMAFEL 2022 &#8211; 2023<\/strong><\/p>&#13;\n<\/p>\n\n<p>O presente projeto tem como objetivo concretizar os intentos estrat\u00e9gicos da Somafel, atrav\u00e9s da execu\u00e7\u00e3o de um Plano de Forma\u00e7\u00e3o que permite adquirir e apefei\u00e7oar compet\u00eancias t\u00e9cnicas dos colaboradores em \u00e1reas cr\u00edticas para o neg\u00f3cio, otimizando o processo produtivo e melhorando o controlo da qualidade dos trabalhos executados.<\/p>\n\n<div style=\"height:34px\" aria-hidden=\"true\" class=\"wp-block-spacer\"><\/div>\n\n<p style=\"font-size:18px\"><strong>Detalhes do Projeto<\/strong><\/p>\n\n<p style=\"font-size:16px\"><mark style=\"background-color:rgba(0, 0, 0, 0);color:#5d6576;\" class=\"has-inline-color\"><span style=\"font-weight:700;\">N\u00ba do projeto<\/span> | 182087<\/mark><\/p>\n\n<p style=\"font-size:16px\"><mark style=\"background-color:rgba(0, 0, 0, 0);color:#5d6576\" class=\"has-inline-color\"><span style=\"font-weight:700;\">Regi\u00e3o de interven\u00e7\u00e3o<\/span> | Centro<\/mark><\/p>\n\n<p style=\"font-size:16px\"><mark style=\"background-color:rgba(0, 0, 0, 0);color:#5d6576\" class=\"has-inline-color\"><span style=\"font-weight:700;\">Data de aprova\u00e7\u00e3o<\/span> | 14-12-2022<\/mark><\/p>\n\n<p style=\"font-size:16px\"><mark style=\"background-color:rgba(0, 0, 0, 0);color:#5d6576\" class=\"has-inline-color\"><span style=\"font-weight:700;\">Data de in\u00edcio<\/span> | 12-10-2022<\/mark><\/p>\n\n<p style=\"font-size:16px\"><mark style=\"background-color:rgba(0, 0, 0, 0);color:#5d6576\" class=\"has-inline-color\"><span style=\"font-weight:700;\">Data de conclus\u00e3o<\/span> | 31-07-2023<\/mark><\/p>\n\n<p style=\"font-size:16px\"><mark style=\"background-color:rgba(0, 0, 0, 0);color:#5d6576\" class=\"has-inline-color\"><span style=\"font-weight:700;\">Custo total eleg\u00edvel<\/span> | 158.129,92 Euros<\/mark><\/p>\n\n<p style=\"font-size:16px\"><mark style=\"background-color:rgba(0, 0, 0, 0);color:#5d6576\" class=\"has-inline-color\"><span style=\"font-weight:700;\">Apoio Financeiro da UE<\/span> | FSE &#8211; 79.064,96 Euros<\/mark><\/p>\n\n<p style=\"font-size:16px\"><mark style=\"background-color:rgba(0, 0, 0, 0);color:#5d6576\" class=\"has-inline-color\"><span style=\"font-weight:700;\">Cofinanciamento<\/span><\/mark>:<\/p>\n\n<div class=\"wp-block-uagb-image uagb-block-8eae3450 wp-block-uagb-image--layout-default wp-block-uagb-image--effect-static wp-block-uagb-image--align-none\"><figure class=\"wp-block-uagb-image__figure\"><img loading=\"lazy\" decoding=\"async\" srcset=\"https:\/\/somafel.com\/wp-content\/uploads\/2023\/01\/logos2-1024x133.png 1024w\" src=\"https:\/\/somafel.com\/wp-content\/uploads\/2023\/01\/logos2-1024x133.png\" alt=\"\" class=\"uag-image-4529\" width=\"605\" height=\"78\" title=\"\"\/><\/figure><\/div>\n\n<div style=\"height:34px\" aria-hidden=\"true\" class=\"wp-block-spacer\"><\/div>\n\n<div class=\"wp-block-group\"><div class=\"wp-block-group__inner-container is-layout-flow wp-block-group-is-layout-flow\">\n<div class=\"wp-block-columns is-layout-flex wp-container-core-columns-is-layout-9d6595d7 wp-block-columns-is-layout-flex\">\n<div class=\"wp-block-column is-layout-flow wp-block-column-is-layout-flow\" style=\"flex-basis:100%\">\n<div class=\"wp-block-buttons is-layout-flex wp-block-buttons-is-layout-flex\">\n<div class=\"wp-block-button has-custom-font-size\" style=\"font-size:16px\"><a class=\"wp-block-button__link has-white-color has-text-color has-background\" href=\"https:\/\/somafel.com\/wp-content\/uploads\/2023\/10\/Ficha_Projeto_Somafel_2023.pdf\" style=\"border-radius:5px;background-color:#f8d014\" target=\"_blank\" rel=\"noreferrer noopener\"><strong style=\"font-weight:700;color:#FFFFFF!important;\">Ficha de Projeto<\/strong><\/a><\/div>\n<\/div>\n<\/div>\n<\/div>\n<\/div><\/div>\n\n<p><\/p>\n","protected":false},"excerpt":{"rendered":"<p>Plano Formativo SOMAFEL 2022 &#8211; 2023 &#13; O presente projeto tem como objetivo concretizar os intentos estrat\u00e9gicos da Somafel, atrav\u00e9s da execu\u00e7\u00e3o de um Plano de Forma\u00e7\u00e3o que permite adquirir e apefei\u00e7oar compet\u00eancias t\u00e9cnicas dos colaboradores em \u00e1reas cr\u00edticas para o neg\u00f3cio, otimizando o processo produtivo e melhorando o controlo da qualidade dos trabalhos executados. [&hellip;]<\/p>\n","protected":false},"author":3,"featured_media":3082,"parent":0,"menu_order":0,"comment_status":"closed","ping_status":"closed","template":"","meta":{"_acf_changed":false,"_uag_custom_page_level_css":"","footnotes":""},"class_list":["post-4539","page","type-page","status-publish","has-post-thumbnail","hentry"],"acf":[],"yoast_head":"<!-- This site is optimized with the Yoast SEO plugin v26.8 - https:\/\/yoast.com\/product\/yoast-seo-wordpress\/ -->\n<title>Projetos Cofinanciados - SOMAFEL<\/title>\n<meta name=\"robots\" content=\"index, follow, max-snippet:-1, max-image-preview:large, max-video-preview:-1\" \/>\n<link rel=\"canonical\" href=\"https:\/\/somafel.com\/pt-br\/projetos-cofinanciados\/\" \/>\n<meta property=\"og:locale\" content=\"pt_BR\" \/>\n<meta property=\"og:type\" content=\"article\" \/>\n<meta property=\"og:title\" content=\"Projetos Cofinanciados - SOMAFEL\" \/>\n<meta property=\"og:description\" content=\"Plano Formativo SOMAFEL 2022 &#8211; 2023 &#013; O presente projeto tem como objetivo concretizar os intentos estrat\u00e9gicos da Somafel, atrav\u00e9s da execu\u00e7\u00e3o de um Plano de Forma\u00e7\u00e3o que permite adquirir e apefei\u00e7oar compet\u00eancias t\u00e9cnicas dos colaboradores em \u00e1reas cr\u00edticas para o neg\u00f3cio, otimizando o processo produtivo e melhorando o controlo da qualidade dos trabalhos executados. [&hellip;]\" \/>\n<meta property=\"og:url\" content=\"https:\/\/somafel.com\/pt-br\/projetos-cofinanciados\/\" \/>\n<meta property=\"og:site_name\" content=\"SOMAFEL\" \/>\n<meta property=\"article:modified_time\" content=\"2023-10-12T10:53:02+00:00\" \/>\n<meta property=\"og:image\" content=\"https:\/\/somafel.com\/wp-content\/uploads\/2019\/05\/projetos-1.jpg\" \/>\n\t<meta property=\"og:image:width\" content=\"1920\" \/>\n\t<meta property=\"og:image:height\" content=\"500\" \/>\n\t<meta property=\"og:image:type\" content=\"image\/jpeg\" \/>\n<meta name=\"twitter:card\" content=\"summary_large_image\" \/>\n<meta name=\"twitter:label1\" content=\"Est. tempo de leitura\" \/>\n\t<meta name=\"twitter:data1\" content=\"1 minuto\" \/>\n<script type=\"application\/ld+json\" class=\"yoast-schema-graph\">{\"@context\":\"https:\/\/schema.org\",\"@graph\":[{\"@type\":\"WebPage\",\"@id\":\"https:\/\/somafel.com\/pt-br\/projetos-cofinanciados\/\",\"url\":\"https:\/\/somafel.com\/pt-br\/projetos-cofinanciados\/\",\"name\":\"Projetos Cofinanciados - SOMAFEL\",\"isPartOf\":{\"@id\":\"https:\/\/somafel.com\/pt-br\/#website\"},\"primaryImageOfPage\":{\"@id\":\"https:\/\/somafel.com\/pt-br\/projetos-cofinanciados\/#primaryimage\"},\"image\":{\"@id\":\"https:\/\/somafel.com\/pt-br\/projetos-cofinanciados\/#primaryimage\"},\"thumbnailUrl\":\"https:\/\/somafel.com\/wp-content\/uploads\/2019\/05\/projetos-1.jpg\",\"datePublished\":\"2023-01-26T16:49:54+00:00\",\"dateModified\":\"2023-10-12T10:53:02+00:00\",\"breadcrumb\":{\"@id\":\"https:\/\/somafel.com\/pt-br\/projetos-cofinanciados\/#breadcrumb\"},\"inLanguage\":\"pt-BR\",\"potentialAction\":[{\"@type\":\"ReadAction\",\"target\":[\"https:\/\/somafel.com\/pt-br\/projetos-cofinanciados\/\"]}]},{\"@type\":\"ImageObject\",\"inLanguage\":\"pt-BR\",\"@id\":\"https:\/\/somafel.com\/pt-br\/projetos-cofinanciados\/#primaryimage\",\"url\":\"https:\/\/somafel.com\/wp-content\/uploads\/2019\/05\/projetos-1.jpg\",\"contentUrl\":\"https:\/\/somafel.com\/wp-content\/uploads\/2019\/05\/projetos-1.jpg\",\"width\":1920,\"height\":500},{\"@type\":\"BreadcrumbList\",\"@id\":\"https:\/\/somafel.com\/pt-br\/projetos-cofinanciados\/#breadcrumb\",\"itemListElement\":[{\"@type\":\"ListItem\",\"position\":1,\"name\":\"In\u00edcio\",\"item\":\"https:\/\/somafel.com\/pt-br\/\"},{\"@type\":\"ListItem\",\"position\":2,\"name\":\"Projetos Cofinanciados\"}]},{\"@type\":\"WebSite\",\"@id\":\"https:\/\/somafel.com\/pt-br\/#website\",\"url\":\"https:\/\/somafel.com\/pt-br\/\",\"name\":\"SOMAFEL\",\"description\":\"Railway Works Experts\",\"potentialAction\":[{\"@type\":\"SearchAction\",\"target\":{\"@type\":\"EntryPoint\",\"urlTemplate\":\"https:\/\/somafel.com\/pt-br\/?s={search_term_string}\"},\"query-input\":{\"@type\":\"PropertyValueSpecification\",\"valueRequired\":true,\"valueName\":\"search_term_string\"}}],\"inLanguage\":\"pt-BR\"}]}<\/script>\n<!-- \/ Yoast SEO plugin. -->","yoast_head_json":{"title":"Projetos Cofinanciados - SOMAFEL","robots":{"index":"index","follow":"follow","max-snippet":"max-snippet:-1","max-image-preview":"max-image-preview:large","max-video-preview":"max-video-preview:-1"},"canonical":"https:\/\/somafel.com\/pt-br\/projetos-cofinanciados\/","og_locale":"pt_BR","og_type":"article","og_title":"Projetos Cofinanciados - SOMAFEL","og_description":"Plano Formativo SOMAFEL 2022 &#8211; 2023 &#13; O presente projeto tem como objetivo concretizar os intentos estrat\u00e9gicos da Somafel, atrav\u00e9s da execu\u00e7\u00e3o de um Plano de Forma\u00e7\u00e3o que permite adquirir e apefei\u00e7oar compet\u00eancias t\u00e9cnicas dos colaboradores em \u00e1reas cr\u00edticas para o neg\u00f3cio, otimizando o processo produtivo e melhorando o controlo da qualidade dos trabalhos executados. [&hellip;]","og_url":"https:\/\/somafel.com\/pt-br\/projetos-cofinanciados\/","og_site_name":"SOMAFEL","article_modified_time":"2023-10-12T10:53:02+00:00","og_image":[{"width":1920,"height":500,"url":"https:\/\/somafel.com\/wp-content\/uploads\/2019\/05\/projetos-1.jpg","type":"image\/jpeg"}],"twitter_card":"summary_large_image","twitter_misc":{"Est. tempo de leitura":"1 minuto"},"schema":{"@context":"https:\/\/schema.org","@graph":[{"@type":"WebPage","@id":"https:\/\/somafel.com\/pt-br\/projetos-cofinanciados\/","url":"https:\/\/somafel.com\/pt-br\/projetos-cofinanciados\/","name":"Projetos Cofinanciados - SOMAFEL","isPartOf":{"@id":"https:\/\/somafel.com\/pt-br\/#website"},"primaryImageOfPage":{"@id":"https:\/\/somafel.com\/pt-br\/projetos-cofinanciados\/#primaryimage"},"image":{"@id":"https:\/\/somafel.com\/pt-br\/projetos-cofinanciados\/#primaryimage"},"thumbnailUrl":"https:\/\/somafel.com\/wp-content\/uploads\/2019\/05\/projetos-1.jpg","datePublished":"2023-01-26T16:49:54+00:00","dateModified":"2023-10-12T10:53:02+00:00","breadcrumb":{"@id":"https:\/\/somafel.com\/pt-br\/projetos-cofinanciados\/#breadcrumb"},"inLanguage":"pt-BR","potentialAction":[{"@type":"ReadAction","target":["https:\/\/somafel.com\/pt-br\/projetos-cofinanciados\/"]}]},{"@type":"ImageObject","inLanguage":"pt-BR","@id":"https:\/\/somafel.com\/pt-br\/projetos-cofinanciados\/#primaryimage","url":"https:\/\/somafel.com\/wp-content\/uploads\/2019\/05\/projetos-1.jpg","contentUrl":"https:\/\/somafel.com\/wp-content\/uploads\/2019\/05\/projetos-1.jpg","width":1920,"height":500},{"@type":"BreadcrumbList","@id":"https:\/\/somafel.com\/pt-br\/projetos-cofinanciados\/#breadcrumb","itemListElement":[{"@type":"ListItem","position":1,"name":"In\u00edcio","item":"https:\/\/somafel.com\/pt-br\/"},{"@type":"ListItem","position":2,"name":"Projetos Cofinanciados"}]},{"@type":"WebSite","@id":"https:\/\/somafel.com\/pt-br\/#website","url":"https:\/\/somafel.com\/pt-br\/","name":"SOMAFEL","description":"Railway Works Experts","potentialAction":[{"@type":"SearchAction","target":{"@type":"EntryPoint","urlTemplate":"https:\/\/somafel.com\/pt-br\/?s={search_term_string}"},"query-input":{"@type":"PropertyValueSpecification","valueRequired":true,"valueName":"search_term_string"}}],"inLanguage":"pt-BR"}]}},"uagb_featured_image_src":{"full":["https:\/\/somafel.com\/wp-content\/uploads\/2019\/05\/projetos-1.jpg",1920,500,false],"thumbnail":["https:\/\/somafel.com\/wp-content\/uploads\/2019\/05\/projetos-1-150x150.jpg",150,150,true],"medium":["https:\/\/somafel.com\/wp-content\/uploads\/2019\/05\/projetos-1-300x78.jpg",300,78,true],"medium_large":["https:\/\/somafel.com\/wp-content\/uploads\/2019\/05\/projetos-1-768x200.jpg",768,200,true],"large":["https:\/\/somafel.com\/wp-content\/uploads\/2019\/05\/projetos-1-1024x267.jpg",1024,267,true],"1536x1536":["https:\/\/somafel.com\/wp-content\/uploads\/2019\/05\/projetos-1.jpg",1536,400,false],"2048x2048":["https:\/\/somafel.com\/wp-content\/uploads\/2019\/05\/projetos-1.jpg",1920,500,false],"custom-size":["https:\/\/somafel.com\/wp-content\/uploads\/2019\/05\/projetos-1-390x260.jpg",390,260,true]},"uagb_author_info":{"display_name":"Marketing Teixeira Duarte","author_link":"https:\/\/somafel.com\/pt-br\/author\/marketingtd\/"},"uagb_comment_info":0,"uagb_excerpt":"Plano Formativo SOMAFEL 2022 &#8211; 2023 &#13; O presente projeto tem como objetivo concretizar os intentos estrat\u00e9gicos da Somafel, atrav\u00e9s da execu\u00e7\u00e3o de um Plano de Forma\u00e7\u00e3o que permite adquirir e apefei\u00e7oar compet\u00eancias t\u00e9cnicas dos colaboradores em \u00e1reas cr\u00edticas para o neg\u00f3cio, otimizando o processo produtivo e melhorando o controlo da qualidade dos trabalhos executados.&hellip;","_links":{"self":[{"href":"https:\/\/somafel.com\/pt-br\/wp-json\/wp\/v2\/pages\/4539","targetHints":{"allow":["GET"]}}],"collection":[{"href":"https:\/\/somafel.com\/pt-br\/wp-json\/wp\/v2\/pages"}],"about":[{"href":"https:\/\/somafel.com\/pt-br\/wp-json\/wp\/v2\/types\/page"}],"author":[{"embeddable":true,"href":"https:\/\/somafel.com\/pt-br\/wp-json\/wp\/v2\/users\/3"}],"replies":[{"embeddable":true,"href":"https:\/\/somafel.com\/pt-br\/wp-json\/wp\/v2\/comments?post=4539"}],"version-history":[{"count":10,"href":"https:\/\/somafel.com\/pt-br\/wp-json\/wp\/v2\/pages\/4539\/revisions"}],"predecessor-version":[{"id":4662,"href":"https:\/\/somafel.com\/pt-br\/wp-json\/wp\/v2\/pages\/4539\/revisions\/4662"}],"wp:featuredmedia":[{"embeddable":true,"href":"https:\/\/somafel.com\/pt-br\/wp-json\/wp\/v2\/media\/3082"}],"wp:attachment":[{"href":"https:\/\/somafel.com\/pt-br\/wp-json\/wp\/v2\/media?parent=4539"}],"curies":[{"name":"wp","href":"https:\/\/api.w.org\/{rel}","templated":true}]}}